{"id":3680,"date":"2022-10-23T16:01:09","date_gmt":"2022-10-23T16:01:09","guid":{"rendered":"https:\/\/wp.mehedidb.com\/utech\/?page_id=3680"},"modified":"2025-12-19T12:55:01","modified_gmt":"2025-12-19T12:55:01","slug":"retalho","status":"publish","type":"page","link":"https:\/\/www.imparpower.pt\/novo\/softwares\/retalho\/","title":{"rendered":"Retalho"},"content":{"rendered":"\t\t<div data-elementor-type=\"wp-page\" data-elementor-id=\"3680\" class=\"elementor elementor-3680\">\n\t\t\t\t\t\t<section class=\"elementor-section elementor-top-section elementor-element elementor-element-e7823fb elementor-section-boxed elementor-section-height-default elementor-section-height-default\" data-id=\"e7823fb\" data-element_type=\"section\" data-e-type=\"section\" data-settings=\"{&quot;background_background&quot;:&quot;classic&quot;}\">\n\t\t\t\t\t\t<div class=\"elementor-container elementor-column-gap-default\">\n\t\t\t\t\t<div class=\"elementor-column elementor-col-100 elementor-top-column elementor-element elementor-element-5d53d19\" data-id=\"5d53d19\" data-element_type=\"column\" data-e-type=\"column\">\n\t\t\t<div class=\"elementor-widget-wrap elementor-element-populated\">\n\t\t\t\t\t\t<div class=\"elementor-element elementor-element-8a1f666 elementor-widget elementor-widget-html\" data-id=\"8a1f666\" data-element_type=\"widget\" data-e-type=\"widget\" data-settings=\"{&quot;ultimate_floating_fx_translate_y&quot;:{&quot;unit&quot;:&quot;px&quot;,&quot;size&quot;:&quot;&quot;,&quot;sizes&quot;:[]}}\" data-widget_type=\"html.default\">\n\t\t\t\t\t<!-- Google tag (gtag.js) -->\r\n<script async src=\"https:\/\/www.googletagmanager.com\/gtag\/js?id=G-37XP1N99E7\"><\/script>\r\n<script>\r\n  window.dataLayer = window.dataLayer || [];\r\n  function gtag(){dataLayer.push(arguments);}\r\n  gtag('js', new Date());\r\n\r\n  gtag('config', 'G-37XP1N99E7');\r\n<\/script>\t\t\t\t<\/div>\n\t\t\t\t<section class=\"elementor-section elementor-inner-section elementor-element elementor-element-3ca7b5d elementor-section-content-middle elementor-section-boxed elementor-section-height-default elementor-section-height-default\" data-id=\"3ca7b5d\" data-element_type=\"section\" data-e-type=\"section\">\n\t\t\t\t\t\t<div class=\"elementor-container elementor-column-gap-default\">\n\t\t\t\t\t<div class=\"elementor-column elementor-col-50 elementor-inner-column elementor-element elementor-element-705c3b8\" data-id=\"705c3b8\" data-element_type=\"column\" data-e-type=\"column\">\n\t\t\t<div class=\"elementor-widget-wrap elementor-element-populated\">\n\t\t\t\t\t\t<div class=\"elementor-element elementor-element-f06ffb7 elementor-widget__width-initial elementor-absolute elementor-widget-mobile__width-initial elementor-invisible elementor-widget elementor-widget-image\" data-id=\"f06ffb7\" data-element_type=\"widget\" data-e-type=\"widget\" data-settings=\"{&quot;_animation&quot;:&quot;zoomIn&quot;,&quot;_animation_delay&quot;:900,&quot;_position&quot;:&quot;absolute&quot;,&quot;ultimate_floating_fx_translate_y&quot;:{&quot;unit&quot;:&quot;px&quot;,&quot;size&quot;:&quot;&quot;,&quot;sizes&quot;:[]}}\" data-widget_type=\"image.default\">\n\t\t\t\t\t\t\t\t\t\t\t\t\t\t\t<img decoding=\"async\" width=\"150\" height=\"150\" src=\"https:\/\/www.imparpower.pt\/novo\/wp-content\/uploads\/2021\/12\/angryimg-2.png\" class=\"attachment-thumbnail size-thumbnail wp-image-3074\" alt=\"\" srcset=\"https:\/\/www.imparpower.pt\/novo\/wp-content\/uploads\/2021\/12\/angryimg-2.png 400w, https:\/\/www.imparpower.pt\/novo\/wp-content\/uploads\/2021\/12\/angryimg-2-100x100.png 100w\" sizes=\"(max-width: 150px) 100vw, 150px\" \/>\t\t\t\t\t\t\t\t\t\t\t\t\t\t\t<\/div>\n\t\t\t\t<div class=\"elementor-element elementor-element-6d7b2bd elementor-invisible elementor-widget elementor-widget-image\" data-id=\"6d7b2bd\" data-element_type=\"widget\" data-e-type=\"widget\" data-settings=\"{&quot;_animation&quot;:&quot;fadeIn&quot;,&quot;_animation_delay&quot;:300,&quot;ultimate_floating_fx_translate_y&quot;:{&quot;unit&quot;:&quot;px&quot;,&quot;size&quot;:&quot;&quot;,&quot;sizes&quot;:[]}}\" data-widget_type=\"image.default\">\n\t\t\t\t\t\t\t\t\t\t\t\t\t\t\t<img fetchpriority=\"high\" decoding=\"async\" width=\"640\" height=\"488\" src=\"https:\/\/www.imparpower.pt\/novo\/wp-content\/uploads\/2023\/05\/Retalho.webp\" class=\"attachment-medium_large size-medium_large wp-image-4722\" alt=\"Retalho\" srcset=\"https:\/\/www.imparpower.pt\/novo\/wp-content\/uploads\/2023\/05\/Retalho.webp 680w, https:\/\/www.imparpower.pt\/novo\/wp-content\/uploads\/2023\/05\/Retalho-300x229.webp 300w, https:\/\/www.imparpower.pt\/novo\/wp-content\/uploads\/2023\/05\/Retalho-433x330.webp 433w, https:\/\/www.imparpower.pt\/novo\/wp-content\/uploads\/2023\/05\/Retalho-236x180.webp 236w\" sizes=\"(max-width: 640px) 100vw, 640px\" \/>\t\t\t\t\t\t\t\t\t\t\t\t\t\t\t<\/div>\n\t\t\t\t<div class=\"elementor-element elementor-element-48424fa elementor-widget__width-initial elementor-absolute elementor-widget-mobile__width-initial elementor-invisible elementor-widget elementor-widget-image\" data-id=\"48424fa\" data-element_type=\"widget\" data-e-type=\"widget\" data-settings=\"{&quot;_animation&quot;:&quot;zoomIn&quot;,&quot;_animation_delay&quot;:600,&quot;_position&quot;:&quot;absolute&quot;,&quot;ultimate_floating_fx_translate_y&quot;:{&quot;unit&quot;:&quot;px&quot;,&quot;size&quot;:&quot;&quot;,&quot;sizes&quot;:[]}}\" data-widget_type=\"image.default\">\n\t\t\t\t\t\t\t\t\t\t\t\t\t\t\t<img decoding=\"async\" width=\"300\" height=\"300\" src=\"https:\/\/www.imparpower.pt\/novo\/wp-content\/uploads\/2021\/12\/angryimg-2.png\" class=\"attachment-medium size-medium wp-image-3074\" alt=\"\" srcset=\"https:\/\/www.imparpower.pt\/novo\/wp-content\/uploads\/2021\/12\/angryimg-2.png 400w, https:\/\/www.imparpower.pt\/novo\/wp-content\/uploads\/2021\/12\/angryimg-2-100x100.png 100w\" sizes=\"(max-width: 300px) 100vw, 300px\" \/>\t\t\t\t\t\t\t\t\t\t\t\t\t\t\t<\/div>\n\t\t\t\t\t<\/div>\n\t\t<\/div>\n\t\t\t\t<div class=\"elementor-column elementor-col-50 elementor-inner-column elementor-element elementor-element-3bec7a3\" data-id=\"3bec7a3\" data-element_type=\"column\" data-e-type=\"column\">\n\t\t\t<div class=\"elementor-widget-wrap elementor-element-populated\">\n\t\t\t\t\t\t<div class=\"elementor-element elementor-element-1df0c12 elementor-invisible elementor-widget elementor-widget-UltimateAreaTitle\" data-id=\"1df0c12\" data-element_type=\"widget\" data-e-type=\"widget\" data-settings=\"{&quot;_animation&quot;:&quot;fadeInUp&quot;,&quot;_animation_delay&quot;:300,&quot;ultimate_floating_fx_translate_y&quot;:{&quot;unit&quot;:&quot;px&quot;,&quot;size&quot;:&quot;&quot;,&quot;sizes&quot;:[]}}\" data-widget_type=\"UltimateAreaTitle.default\">\n\t\t\t\t<div class=\"elementor-widget-container\">\n\t\t\t\t\t<div class=\"area__content\">\t\t\t\r\n\t\t\t\t\r\n\t\t\t\t<div class=\"area__subtitle\">Retalho<\/div><div class=\"area__title\"><p>As Solu\u00e7\u00f5es para o Retalho da ImparPower s\u00e3o as ideais para o sucesso da gest\u00e3o do seu neg\u00f3cio.<\/p>\n<\/div>\r\n\t\t\t\t<div class=\"area__description\"><p style=\"text-align: justify;\">S\u00e3o projetadas para a \u00e1rea do Retalho, respondendo eficazmente \u00e0s necessidades de v\u00e1rios setores de atividade, como Supermercados, Lavandarias, Lojas, Talhos, Perfumarias, Padarias\/Pastelarias ou Papelarias.<\/p>\n<p>Com as nossas solu\u00e7\u00f5es, vai criar uma rela\u00e7\u00e3o extraordin\u00e1ria com o seu cliente.<\/p>\n<\/div>\r\n\t\t\t\t<\/div>\t\t\t\t<\/div>\n\t\t\t\t<\/div>\n\t\t\t\t\t<\/div>\n\t\t<\/div>\n\t\t\t\t\t<\/div>\n\t\t<\/section>\n\t\t\t\t\t<\/div>\n\t\t<\/div>\n\t\t\t\t\t<\/div>\n\t\t<\/section>\n\t\t\t\t<section class=\"elementor-section elementor-top-section elementor-element elementor-element-030ed87 elementor-section-boxed elementor-section-height-default elementor-section-height-default\" data-id=\"030ed87\" data-element_type=\"section\" data-e-type=\"section\" data-settings=\"{&quot;background_background&quot;:&quot;classic&quot;}\">\n\t\t\t\t\t\t<div class=\"elementor-container elementor-column-gap-default\">\n\t\t\t\t\t<div class=\"elementor-column elementor-col-100 elementor-top-column elementor-element elementor-element-1ce5b33\" data-id=\"1ce5b33\" data-element_type=\"column\" data-e-type=\"column\">\n\t\t\t<div class=\"elementor-widget-wrap elementor-element-populated\">\n\t\t\t\t\t\t<div class=\"elementor-element elementor-element-6cbd0f9 elementor-widget elementor-widget-UltimateAreaTitle\" data-id=\"6cbd0f9\" data-element_type=\"widget\" data-e-type=\"widget\" data-settings=\"{&quot;ultimate_floating_fx_translate_y&quot;:{&quot;unit&quot;:&quot;px&quot;,&quot;size&quot;:&quot;&quot;,&quot;sizes&quot;:[]}}\" data-widget_type=\"UltimateAreaTitle.default\">\n\t\t\t\t<div class=\"elementor-widget-container\">\n\t\t\t\t\t<div class=\"area__content\">\t\t\t\r\n\t\t\t\t\r\n\t\t\t\t\r\n\t\t\t\t<div class=\"area__description\"><p style=\"text-align: justify;\">Assim, a gest\u00e3o integrada das principais vertentes do seu neg\u00f3cio \u2013 vendas, compras, stocks, tesouraria e contas correntes \u2013 uma vez que fica mais \u00e1gil e simples, dado que tem a informa\u00e7\u00e3o que necessita, no momento certo, para que possa tomar decis\u00f5es mais r\u00e1pidas e mais bem fundamentadas.<\/p>\n<p style=\"text-align: justify;\">Posto isto, em rela\u00e7\u00e3o ao seu neg\u00f3cio, sabe que pode rentabilizar o mesmo identificando o portf\u00f3lio de produtos mais rent\u00e1veis, controlar a caixa e evitar desvios na tesouraria.<\/p>\n<p style=\"text-align: justify;\">Cumprir as suas obriga\u00e7\u00f5es fiscais com rapidez e seguran\u00e7a, assim como aumentar a rentabilidade dos seus stocks, reduzir as quebras, melhorar a qualidade dos servi\u00e7os prestados, s\u00e3o tamb\u00e9m alguns aspetos que pode rentabilizar com a utiliza\u00e7\u00e3o das nossas solu\u00e7\u00f5es.<\/p>\n<p style=\"text-align: justify;\">Pode tamb\u00e9m, agilizar tarefas administrativas e pagamentos e por fim beneficiar de resultados e indicadores em tempo real, para medidas de gest\u00e3o mais r\u00e1pidas e eficazes.<\/p>\n<\/div>\r\n\t\t\t\t<\/div>\t\t\t\t<\/div>\n\t\t\t\t<\/div>\n\t\t\t\t\t<\/div>\n\t\t<\/div>\n\t\t\t\t\t<\/div>\n\t\t<\/section>\n\t\t\t\t<section class=\"elementor-section elementor-top-section elementor-element elementor-element-6404aa2 elementor-section-boxed elementor-section-height-default elementor-section-height-default\" data-id=\"6404aa2\" data-element_type=\"section\" data-e-type=\"section\" data-settings=\"{&quot;background_background&quot;:&quot;gradient&quot;}\">\n\t\t\t\t\t\t<div class=\"elementor-container elementor-column-gap-default\">\n\t\t\t\t\t<div class=\"elementor-column elementor-col-100 elementor-top-column elementor-element elementor-element-d56b834\" data-id=\"d56b834\" data-element_type=\"column\" data-e-type=\"column\">\n\t\t\t<div class=\"elementor-widget-wrap elementor-element-populated\">\n\t\t\t\t\t\t<section class=\"elementor-section elementor-inner-section elementor-element elementor-element-496757f elementor-section-content-middle elementor-section-boxed elementor-section-height-default elementor-section-height-default\" data-id=\"496757f\" data-element_type=\"section\" data-e-type=\"section\" data-settings=\"{&quot;background_background&quot;:&quot;classic&quot;}\">\n\t\t\t\t\t\t\t<div class=\"elementor-background-overlay\"><\/div>\n\t\t\t\t\t\t\t<div class=\"elementor-container elementor-column-gap-default\">\n\t\t\t\t\t<div class=\"elementor-column elementor-col-50 elementor-inner-column elementor-element elementor-element-048eb13\" data-id=\"048eb13\" data-element_type=\"column\" data-e-type=\"column\">\n\t\t\t<div class=\"elementor-widget-wrap elementor-element-populated\">\n\t\t\t\t\t\t<div class=\"elementor-element elementor-element-1c9d56a elementor-widget__width-initial elementor-invisible elementor-widget elementor-widget-Ultimate_Info_Box_Widget\" data-id=\"1c9d56a\" data-element_type=\"widget\" data-e-type=\"widget\" data-settings=\"{&quot;_animation&quot;:&quot;fadeInUp&quot;,&quot;_animation_delay&quot;:400,&quot;ultimate_floating_fx_translate_y&quot;:{&quot;unit&quot;:&quot;px&quot;,&quot;size&quot;:&quot;&quot;,&quot;sizes&quot;:[]}}\" data-widget_type=\"Ultimate_Info_Box_Widget.default\">\n\t\t\t\t<div class=\"elementor-widget-container\">\n\t\t\t\t\t            <div class=\"ultimate__info__box__wrap ultimate__infobox__style__2\" >\r\n\r\n                                                    <div class = \"info__box__list\">\r\n                                                                                <div class=\"single__info__box elementor-repeater-item-282f097\">\r\n\r\n                                                                    <div class=\"info__box__icon\">\r\n                                        <i class=\"fa fa-phone\"><\/i>                                    <\/div>\r\n                                                                                                                                            <div class=\"info__title\">Telefone:<\/div>\r\n                                                                                                                <div class=\"info__details\"><p><span style=\"color: #ffffff;\"><a style=\"color: #ffffff;\" href=\"tel:253047992\">+351 253 047 992<\/a><\/span><\/p>\n<\/div>\r\n                                                                                                <\/div>\r\n                                            <\/div>\r\n                            <\/div>\r\n        \t\t\t\t<\/div>\n\t\t\t\t<\/div>\n\t\t\t\t\t<\/div>\n\t\t<\/div>\n\t\t\t\t<div class=\"elementor-column elementor-col-50 elementor-inner-column elementor-element elementor-element-9bd51b0\" data-id=\"9bd51b0\" data-element_type=\"column\" data-e-type=\"column\">\n\t\t\t<div class=\"elementor-widget-wrap elementor-element-populated\">\n\t\t\t\t\t\t<div class=\"elementor-element elementor-element-d06ec2a elementor-invisible elementor-widget elementor-widget-Ultimate_Info_Box_Widget\" data-id=\"d06ec2a\" data-element_type=\"widget\" data-e-type=\"widget\" data-settings=\"{&quot;_animation&quot;:&quot;fadeInUp&quot;,&quot;_animation_delay&quot;:500,&quot;ultimate_floating_fx_translate_y&quot;:{&quot;unit&quot;:&quot;px&quot;,&quot;size&quot;:&quot;&quot;,&quot;sizes&quot;:[]}}\" data-widget_type=\"Ultimate_Info_Box_Widget.default\">\n\t\t\t\t<div class=\"elementor-widget-container\">\n\t\t\t\t\t            <div class=\"ultimate__info__box__wrap ultimate__infobox__style__3\" >\r\n\r\n                                                    <div class = \"info__box__list\">\r\n                                                                                <div class=\"single__info__box elementor-repeater-item-bb5d642\">\r\n\r\n                                                                    <div class=\"info__box__icon\">\r\n                                        <i class=\"fas fa-envelope\"><\/i>                                    <\/div>\r\n                                                                                                                                            <div class=\"info__title\">EMAIL:<\/div>\r\n                                                                                                                <div class=\"info__details\"><p><span style=\"color: #ffffff;\"><a style=\"color: #ffffff;\" href=\"mailto:geral@imparpower.pt\">geral@imparpower.pt<\/a><\/span><\/p>\n<\/div>\r\n                                                                                                <\/div>\r\n                                            <\/div>\r\n                            <\/div>\r\n        \t\t\t\t<\/div>\n\t\t\t\t<\/div>\n\t\t\t\t\t<\/div>\n\t\t<\/div>\n\t\t\t\t\t<\/div>\n\t\t<\/section>\n\t\t\t\t\t<\/div>\n\t\t<\/div>\n\t\t\t\t\t<\/div>\n\t\t<\/section>\n\t\t\t\t<\/div>\n\t\t","protected":false},"excerpt":{"rendered":"<p>Retalho As Solu\u00e7\u00f5es para o Retalho da ImparPower s\u00e3o as ideais para o sucesso da gest\u00e3o do seu neg\u00f3cio. S\u00e3o [&hellip;]<\/p>\n","protected":false},"author":2,"featured_media":0,"parent":1379,"menu_order":0,"comment_status":"closed","ping_status":"closed","template":"template\/composer.php","meta":{"footnotes":""},"tags":[74,79,220,78,73,72,76,77],"class_list":["post-3680","page","type-page","status-publish","hentry","tag-florista","tag-loja-de-roupa","tag-minimercado","tag-papelaria","tag-pronto-a-vestir","tag-sapataria","tag-supermercado","tag-talho","no-post-thumbnail"],"aioseo_notices":[],"_links":{"self":[{"href":"https:\/\/www.imparpower.pt\/novo\/wp-json\/wp\/v2\/pages\/3680","targetHints":{"allow":["GET"]}}],"collection":[{"href":"https:\/\/www.imparpower.pt\/novo\/wp-json\/wp\/v2\/pages"}],"about":[{"href":"https:\/\/www.imparpower.pt\/novo\/wp-json\/wp\/v2\/types\/page"}],"author":[{"embeddable":true,"href":"https:\/\/www.imparpower.pt\/novo\/wp-json\/wp\/v2\/users\/2"}],"replies":[{"embeddable":true,"href":"https:\/\/www.imparpower.pt\/novo\/wp-json\/wp\/v2\/comments?post=3680"}],"version-history":[{"count":25,"href":"https:\/\/www.imparpower.pt\/novo\/wp-json\/wp\/v2\/pages\/3680\/revisions"}],"predecessor-version":[{"id":5895,"href":"https:\/\/www.imparpower.pt\/novo\/wp-json\/wp\/v2\/pages\/3680\/revisions\/5895"}],"up":[{"embeddable":true,"href":"https:\/\/www.imparpower.pt\/novo\/wp-json\/wp\/v2\/pages\/1379"}],"wp:attachment":[{"href":"https:\/\/www.imparpower.pt\/novo\/wp-json\/wp\/v2\/media?parent=3680"}],"wp:term":[{"taxonomy":"post_tag","embeddable":true,"href":"https:\/\/www.imparpower.pt\/novo\/wp-json\/wp\/v2\/tags?post=3680"}],"curies":[{"name":"wp","href":"https:\/\/api.w.org\/{rel}","templated":true}]}}