{"id":4313,"date":"2023-05-08T17:30:13","date_gmt":"2023-05-08T17:30:13","guid":{"rendered":"https:\/\/www.imparpower.pt\/novo\/?page_id=4313"},"modified":"2025-04-07T10:58:55","modified_gmt":"2025-04-07T10:58:55","slug":"video-vigilancia","status":"publish","type":"page","link":"https:\/\/www.imparpower.pt\/novo\/servicos\/video-vigilancia\/","title":{"rendered":"Video-Vigil\u00e2ncia"},"content":{"rendered":"\t\t<div data-elementor-type=\"wp-page\" data-elementor-id=\"4313\" class=\"elementor elementor-4313\">\n\t\t\t\t\t\t<section class=\"elementor-section elementor-top-section elementor-element elementor-element-af2f93c elementor-section-boxed elementor-section-height-default elementor-section-height-default\" data-id=\"af2f93c\" data-element_type=\"section\" data-e-type=\"section\" data-settings=\"{&quot;background_background&quot;:&quot;classic&quot;}\">\n\t\t\t\t\t\t<div class=\"elementor-container elementor-column-gap-default\">\n\t\t\t\t\t<div class=\"elementor-column elementor-col-100 elementor-top-column elementor-element elementor-element-48170fc\" data-id=\"48170fc\" data-element_type=\"column\" data-e-type=\"column\">\n\t\t\t<div class=\"elementor-widget-wrap elementor-element-populated\">\n\t\t\t\t\t\t<div class=\"elementor-element elementor-element-2bd998e elementor-widget elementor-widget-html\" data-id=\"2bd998e\" data-element_type=\"widget\" data-e-type=\"widget\" data-settings=\"{&quot;ultimate_floating_fx_translate_y&quot;:{&quot;unit&quot;:&quot;px&quot;,&quot;size&quot;:&quot;&quot;,&quot;sizes&quot;:[]}}\" data-widget_type=\"html.default\">\n\t\t\t\t\t<!-- Google tag (gtag.js) -->\r\n<script async src=\"https:\/\/www.googletagmanager.com\/gtag\/js?id=G-37XP1N99E7\"><\/script>\r\n<script>\r\n  window.dataLayer = window.dataLayer || [];\r\n  function gtag(){dataLayer.push(arguments);}\r\n  gtag('js', new Date());\r\n\r\n  gtag('config', 'G-37XP1N99E7');\r\n<\/script>\t\t\t\t<\/div>\n\t\t\t\t<section class=\"elementor-section elementor-inner-section elementor-element elementor-element-4ed8935 elementor-section-content-middle elementor-section-boxed elementor-section-height-default elementor-section-height-default\" data-id=\"4ed8935\" data-element_type=\"section\" data-e-type=\"section\">\n\t\t\t\t\t\t<div class=\"elementor-container elementor-column-gap-default\">\n\t\t\t\t\t<div class=\"elementor-column elementor-col-50 elementor-inner-column elementor-element elementor-element-02f9bc0\" data-id=\"02f9bc0\" data-element_type=\"column\" data-e-type=\"column\">\n\t\t\t<div class=\"elementor-widget-wrap elementor-element-populated\">\n\t\t\t\t\t\t<div class=\"elementor-element elementor-element-c09fb31 elementor-invisible elementor-widget elementor-widget-image\" data-id=\"c09fb31\" data-element_type=\"widget\" data-e-type=\"widget\" data-settings=\"{&quot;_animation&quot;:&quot;fadeInUp&quot;,&quot;_animation_delay&quot;:300,&quot;ultimate_floating_fx_translate_y&quot;:{&quot;unit&quot;:&quot;px&quot;,&quot;size&quot;:&quot;&quot;,&quot;sizes&quot;:[]}}\" data-widget_type=\"image.default\">\n\t\t\t\t\t\t\t\t\t\t\t\t\t\t\t<img fetchpriority=\"high\" decoding=\"async\" width=\"680\" height=\"518\" src=\"https:\/\/www.imparpower.pt\/novo\/wp-content\/uploads\/2023\/05\/Video-Vigilancia.webp\" class=\"attachment-full size-full wp-image-4734\" alt=\"Video Vigil\u00e2ncia\" srcset=\"https:\/\/www.imparpower.pt\/novo\/wp-content\/uploads\/2023\/05\/Video-Vigilancia.webp 680w, https:\/\/www.imparpower.pt\/novo\/wp-content\/uploads\/2023\/05\/Video-Vigilancia-300x229.webp 300w, https:\/\/www.imparpower.pt\/novo\/wp-content\/uploads\/2023\/05\/Video-Vigilancia-433x330.webp 433w, https:\/\/www.imparpower.pt\/novo\/wp-content\/uploads\/2023\/05\/Video-Vigilancia-236x180.webp 236w\" sizes=\"(max-width: 680px) 100vw, 680px\" \/>\t\t\t\t\t\t\t\t\t\t\t\t\t\t\t<\/div>\n\t\t\t\t\t<\/div>\n\t\t<\/div>\n\t\t\t\t<div class=\"elementor-column elementor-col-50 elementor-inner-column elementor-element elementor-element-62f0054\" data-id=\"62f0054\" data-element_type=\"column\" data-e-type=\"column\">\n\t\t\t<div class=\"elementor-widget-wrap elementor-element-populated\">\n\t\t\t\t\t\t<div class=\"elementor-element elementor-element-2ed22b1 elementor-invisible elementor-widget elementor-widget-UltimateAreaTitle\" data-id=\"2ed22b1\" data-element_type=\"widget\" data-e-type=\"widget\" data-settings=\"{&quot;_animation&quot;:&quot;fadeInUp&quot;,&quot;_animation_delay&quot;:300,&quot;ultimate_floating_fx_translate_y&quot;:{&quot;unit&quot;:&quot;px&quot;,&quot;size&quot;:&quot;&quot;,&quot;sizes&quot;:[]}}\" data-widget_type=\"UltimateAreaTitle.default\">\n\t\t\t\t<div class=\"elementor-widget-container\">\n\t\t\t\t\t<div class=\"area__content\">\t\t\t\r\n\t\t\t\t\r\n\t\t\t\t<div class=\"area__subtitle\">Servi\u00e7os<\/div><div class=\"area__title\"><p>Video-Vigil\u00e2ncia<\/p>\n<\/div>\r\n\t\t\t\t<div class=\"area__description\"><p style=\"text-align: justify;\">A Seguran\u00e7a de pessoas e bens \u00e9 um tema que preocupa de modo crescente a sociedade. Com o objetivo de salvaguardar aquilo que lhes \u00e9 mais precioso, assim como, restaurantes, escolas, f\u00e1bricas e lojas, entre outras atividades, as entidades recorrem cada vez mais \u00e0s v\u00e1rias solu\u00e7\u00f5es dispon\u00edveis, pretendendo controlar melhor os procedimentos, infra-estruturas e instala\u00e7\u00f5es.<\/p>\n<p style=\"text-align: justify;\">Assim, com a flexibilidade que lhe \u00e9 proporcionada pela sua rela\u00e7\u00e3o com as chamadas novas tecnologias, a Video-Vigil\u00e2ncia \u00e9 uma das solu\u00e7\u00f5es de seguran\u00e7a cuja procura mais tem aumentado nos \u00faltimos anos.<\/p>\n<p style=\"text-align: justify;\">No entanto, se por um lado a exist\u00eancia de c\u00e2maras que recolhem imagens de um determinado espa\u00e7o, 24 horas por dia, pode agradar \u00e0 partida, porque nos sentimos mais seguros, conv\u00e9m lembrar que essa recolha de imagens, e de dados pessoais, pode interferir com os direitos, liberdades e garantias individuais do cidad\u00e3o.<\/p>\n<p style=\"text-align: justify;\">\u00a0<\/p>\n<\/div>\r\n\t\t\t\t<\/div>\t\t\t\t<\/div>\n\t\t\t\t<\/div>\n\t\t\t\t\t<\/div>\n\t\t<\/div>\n\t\t\t\t\t<\/div>\n\t\t<\/section>\n\t\t\t\t<div class=\"elementor-element elementor-element-5fff62d elementor-widget elementor-widget-text-editor\" data-id=\"5fff62d\" data-element_type=\"widget\" data-e-type=\"widget\" data-settings=\"{&quot;ultimate_floating_fx_translate_y&quot;:{&quot;unit&quot;:&quot;px&quot;,&quot;size&quot;:&quot;&quot;,&quot;sizes&quot;:[]}}\" data-widget_type=\"text-editor.default\">\n\t\t\t\t\t\t\t\t\t<p style=\"text-align: justify;\">Posto isto, alguns tipos de estabelecimentos podem ser obrigados, em termos e condi\u00e7\u00f5es determinados, a dispor de um sistema de seguran\u00e7a privado de CCTV.<\/p><p style=\"text-align: justify;\">As c\u00e2maras de v\u00eddeo podem ser uma vantagem no que diz respeito ao controlo de situa\u00e7\u00f5es como sejam os assaltos ou as agress\u00f5es e devem ser utilizadas para esses fins, mas acima de tudo \u00e9 muito importante que as pessoas conhe\u00e7am estes sistemas e todas as funcionalidades que lhes s\u00e3o atribu\u00eddas.<\/p>\t\t\t\t\t\t\t\t<\/div>\n\t\t\t\t<div class=\"elementor-element elementor-element-2a58602 elementor-widget elementor-widget-heading\" data-id=\"2a58602\" data-element_type=\"widget\" data-e-type=\"widget\" data-settings=\"{&quot;ultimate_floating_fx_translate_y&quot;:{&quot;unit&quot;:&quot;px&quot;,&quot;size&quot;:&quot;&quot;,&quot;sizes&quot;:[]}}\" data-widget_type=\"heading.default\">\n\t\t\t\t\t<h2 class=\"elementor-heading-title elementor-size-default\">Em que consiste um sistema CCTV?<\/h2>\t\t\t\t<\/div>\n\t\t\t\t<div class=\"elementor-element elementor-element-5e9ece8 elementor-widget elementor-widget-text-editor\" data-id=\"5e9ece8\" data-element_type=\"widget\" data-e-type=\"widget\" data-settings=\"{&quot;ultimate_floating_fx_translate_y&quot;:{&quot;unit&quot;:&quot;px&quot;,&quot;size&quot;:&quot;&quot;,&quot;sizes&quot;:[]}}\" data-widget_type=\"text-editor.default\">\n\t\t\t\t\t\t\t\t\t<p style=\"text-align: justify;\">Um sistema de CCTV consiste, fundamentalmente, num conjunto de c\u00e2maras colocadas em lugares estrat\u00e9gicos, que captam e transmitem imagens para um sistema de gest\u00e3o de v\u00eddeo que permite, entre outras coisas, a visualiza\u00e7\u00e3o\/grava\u00e7\u00e3o dessas mesmas imagens.<\/p><p style=\"text-align: justify;\">A utiliza\u00e7\u00e3o de um sistema de Video-Vigil\u00e2ncia controlado a partir de um centro de controlo permite a visualiza\u00e7\u00e3o de todos os movimentos de uma grande superf\u00edcie onde exista uma grande aflu\u00eancia de pessoas.<\/p><p style=\"text-align: justify;\">O CCTV permite a visualiza\u00e7\u00e3o dessas imagens posteriormente \u00e0 sua grava\u00e7\u00e3o e, na detec\u00e7\u00e3o de qualquer evento, conhecer as suas causas, o que ajuda a melhorar a seguran\u00e7a com car\u00e1cter preventivo. Al\u00e9m disso, a coloca\u00e7\u00e3o de c\u00e2maras vis\u00edveis em pontos estrat\u00e9gicos dissuade qualquer inten\u00e7\u00e3o de delito e proporciona aos visitantes um sentimento de seguran\u00e7a.<\/p>\t\t\t\t\t\t\t\t<\/div>\n\t\t\t\t\t<\/div>\n\t\t<\/div>\n\t\t\t\t\t<\/div>\n\t\t<\/section>\n\t\t\t\t<section class=\"elementor-section elementor-top-section elementor-element elementor-element-cefdf2b elementor-section-boxed elementor-section-height-default elementor-section-height-default\" data-id=\"cefdf2b\" data-element_type=\"section\" data-e-type=\"section\" data-settings=\"{&quot;background_background&quot;:&quot;gradient&quot;}\">\n\t\t\t\t\t\t<div class=\"elementor-container elementor-column-gap-default\">\n\t\t\t\t\t<div class=\"elementor-column elementor-col-100 elementor-top-column elementor-element elementor-element-b05f8a3\" data-id=\"b05f8a3\" data-element_type=\"column\" data-e-type=\"column\">\n\t\t\t<div class=\"elementor-widget-wrap elementor-element-populated\">\n\t\t\t\t\t\t<section class=\"elementor-section elementor-inner-section elementor-element elementor-element-b33ef99 elementor-section-content-middle elementor-section-boxed elementor-section-height-default elementor-section-height-default\" data-id=\"b33ef99\" data-element_type=\"section\" data-e-type=\"section\" data-settings=\"{&quot;background_background&quot;:&quot;classic&quot;}\">\n\t\t\t\t\t\t\t<div class=\"elementor-background-overlay\"><\/div>\n\t\t\t\t\t\t\t<div class=\"elementor-container elementor-column-gap-default\">\n\t\t\t\t\t<div class=\"elementor-column elementor-col-50 elementor-inner-column elementor-element elementor-element-bca8377\" data-id=\"bca8377\" data-element_type=\"column\" data-e-type=\"column\">\n\t\t\t<div class=\"elementor-widget-wrap elementor-element-populated\">\n\t\t\t\t\t\t<div class=\"elementor-element elementor-element-761bf4f elementor-widget__width-initial elementor-invisible elementor-widget elementor-widget-UltimateAreaTitle\" data-id=\"761bf4f\" data-element_type=\"widget\" data-e-type=\"widget\" data-settings=\"{&quot;_animation&quot;:&quot;fadeInUp&quot;,&quot;_animation_delay&quot;:400,&quot;ultimate_floating_fx_translate_y&quot;:{&quot;unit&quot;:&quot;px&quot;,&quot;size&quot;:&quot;&quot;,&quot;sizes&quot;:[]}}\" data-widget_type=\"UltimateAreaTitle.default\">\n\t\t\t\t<div class=\"elementor-widget-container\">\n\t\t\t\t\t<div class=\"area__content\">\t\t\t\r\n\t\t\t\t\r\n\t\t\t\t<div class=\"area__subtitle\">Conctacto<\/div><div class=\"area__title\"><p>Saiba mais sobre as nossas solu\u00e7\u00f5es de video-vigil\u00e2ncia!<\/p>\n<\/div>\r\n\t\t\t\t\r\n\t\t\t\t<\/div>\t\t\t\t<\/div>\n\t\t\t\t<\/div>\n\t\t\t\t\t<\/div>\n\t\t<\/div>\n\t\t\t\t<div class=\"elementor-column elementor-col-50 elementor-inner-column elementor-element elementor-element-a453d2d\" data-id=\"a453d2d\" data-element_type=\"column\" data-e-type=\"column\">\n\t\t\t<div class=\"elementor-widget-wrap elementor-element-populated\">\n\t\t\t\t\t\t<div class=\"elementor-element elementor-element-e02f346 elementor-invisible elementor-widget elementor-widget-Ultimate_Dual_Button\" data-id=\"e02f346\" data-element_type=\"widget\" data-e-type=\"widget\" data-settings=\"{&quot;_animation&quot;:&quot;fadeInUp&quot;,&quot;_animation_delay&quot;:500,&quot;ultimate_floating_fx_translate_y&quot;:{&quot;unit&quot;:&quot;px&quot;,&quot;size&quot;:&quot;&quot;,&quot;sizes&quot;:[]}}\" data-widget_type=\"Ultimate_Dual_Button.default\">\n\t\t\t\t<div class=\"elementor-widget-container\">\n\t\t\t\t\t<div class=\"ultimate__dual__button btn__layout__1\"><a class=\"ultimate__btn btn__texteffect__1 elementor-repeater-item-5ca49a2\" href=\"https:\/\/www.imparpower.pt\/novo\/contactos\/\"><div class=\"button__title\">Contacte-nos!<\/div><\/a><\/div>\t\t\t\t<\/div>\n\t\t\t\t<\/div>\n\t\t\t\t\t<\/div>\n\t\t<\/div>\n\t\t\t\t\t<\/div>\n\t\t<\/section>\n\t\t\t\t\t<\/div>\n\t\t<\/div>\n\t\t\t\t\t<\/div>\n\t\t<\/section>\n\t\t\t\t<\/div>\n\t\t","protected":false},"excerpt":{"rendered":"<p>Servi\u00e7os Video-Vigil\u00e2ncia A Seguran\u00e7a de pessoas e bens \u00e9 um tema que preocupa de modo crescente a sociedade. Com o [&hellip;]<\/p>\n","protected":false},"author":2,"featured_media":0,"parent":4305,"menu_order":0,"comment_status":"closed","ping_status":"closed","template":"template\/composer.php","meta":{"footnotes":""},"tags":[114,115,113,111,112],"class_list":["post-4313","page","type-page","status-publish","hentry","tag-camaras","tag-controlo","tag-seguranca","tag-video","tag-vigilancia","no-post-thumbnail"],"aioseo_notices":[],"_links":{"self":[{"href":"https:\/\/www.imparpower.pt\/novo\/wp-json\/wp\/v2\/pages\/4313","targetHints":{"allow":["GET"]}}],"collection":[{"href":"https:\/\/www.imparpower.pt\/novo\/wp-json\/wp\/v2\/pages"}],"about":[{"href":"https:\/\/www.imparpower.pt\/novo\/wp-json\/wp\/v2\/types\/page"}],"author":[{"embeddable":true,"href":"https:\/\/www.imparpower.pt\/novo\/wp-json\/wp\/v2\/users\/2"}],"replies":[{"embeddable":true,"href":"https:\/\/www.imparpower.pt\/novo\/wp-json\/wp\/v2\/comments?post=4313"}],"version-history":[{"count":7,"href":"https:\/\/www.imparpower.pt\/novo\/wp-json\/wp\/v2\/pages\/4313\/revisions"}],"predecessor-version":[{"id":5710,"href":"https:\/\/www.imparpower.pt\/novo\/wp-json\/wp\/v2\/pages\/4313\/revisions\/5710"}],"up":[{"embeddable":true,"href":"https:\/\/www.imparpower.pt\/novo\/wp-json\/wp\/v2\/pages\/4305"}],"wp:attachment":[{"href":"https:\/\/www.imparpower.pt\/novo\/wp-json\/wp\/v2\/media?parent=4313"}],"wp:term":[{"taxonomy":"post_tag","embeddable":true,"href":"https:\/\/www.imparpower.pt\/novo\/wp-json\/wp\/v2\/tags?post=4313"}],"curies":[{"name":"wp","href":"https:\/\/api.w.org\/{rel}","templated":true}]}}