{"id":4375,"date":"2023-05-09T09:47:11","date_gmt":"2023-05-09T09:47:11","guid":{"rendered":"https:\/\/www.imparpower.pt\/novo\/?page_id=4375"},"modified":"2025-12-19T12:54:55","modified_gmt":"2025-12-19T12:54:55","slug":"restauracao","status":"publish","type":"page","link":"https:\/\/www.imparpower.pt\/novo\/softwares\/restauracao\/","title":{"rendered":"Restaura\u00e7\u00e3o"},"content":{"rendered":"\t\t<div data-elementor-type=\"wp-page\" data-elementor-id=\"4375\" class=\"elementor elementor-4375\">\n\t\t\t\t\t\t<section class=\"elementor-section elementor-top-section elementor-element elementor-element-5219c18 elementor-section-boxed elementor-section-height-default elementor-section-height-default\" data-id=\"5219c18\" data-element_type=\"section\" data-e-type=\"section\" data-settings=\"{&quot;background_background&quot;:&quot;classic&quot;}\">\n\t\t\t\t\t\t<div class=\"elementor-container elementor-column-gap-default\">\n\t\t\t\t\t<div class=\"elementor-column elementor-col-100 elementor-top-column elementor-element elementor-element-106bba4\" data-id=\"106bba4\" data-element_type=\"column\" data-e-type=\"column\">\n\t\t\t<div class=\"elementor-widget-wrap elementor-element-populated\">\n\t\t\t\t\t\t<div class=\"elementor-element elementor-element-7e9bea8 elementor-widget elementor-widget-html\" data-id=\"7e9bea8\" data-element_type=\"widget\" data-e-type=\"widget\" data-settings=\"{&quot;ultimate_floating_fx_translate_y&quot;:{&quot;unit&quot;:&quot;px&quot;,&quot;size&quot;:&quot;&quot;,&quot;sizes&quot;:[]}}\" data-widget_type=\"html.default\">\n\t\t\t\t\t<!-- Google tag (gtag.js) -->\r\n<script async src=\"https:\/\/www.googletagmanager.com\/gtag\/js?id=G-37XP1N99E7\"><\/script>\r\n<script>\r\n  window.dataLayer = window.dataLayer || [];\r\n  function gtag(){dataLayer.push(arguments);}\r\n  gtag('js', new Date());\r\n\r\n  gtag('config', 'G-37XP1N99E7');\r\n<\/script>\t\t\t\t<\/div>\n\t\t\t\t<section class=\"elementor-section elementor-inner-section elementor-element elementor-element-7d94a47 elementor-section-content-middle elementor-section-boxed elementor-section-height-default elementor-section-height-default\" data-id=\"7d94a47\" data-element_type=\"section\" data-e-type=\"section\">\n\t\t\t\t\t\t<div class=\"elementor-container elementor-column-gap-default\">\n\t\t\t\t\t<div class=\"elementor-column elementor-col-50 elementor-inner-column elementor-element elementor-element-182c60e\" data-id=\"182c60e\" data-element_type=\"column\" data-e-type=\"column\">\n\t\t\t<div class=\"elementor-widget-wrap elementor-element-populated\">\n\t\t\t\t\t\t<div class=\"elementor-element elementor-element-9e8a005 elementor-widget__width-initial elementor-absolute elementor-widget-mobile__width-initial elementor-invisible elementor-widget elementor-widget-image\" data-id=\"9e8a005\" data-element_type=\"widget\" data-e-type=\"widget\" data-settings=\"{&quot;_animation&quot;:&quot;zoomIn&quot;,&quot;_animation_delay&quot;:900,&quot;_position&quot;:&quot;absolute&quot;,&quot;ultimate_floating_fx_translate_y&quot;:{&quot;unit&quot;:&quot;px&quot;,&quot;size&quot;:&quot;&quot;,&quot;sizes&quot;:[]}}\" data-widget_type=\"image.default\">\n\t\t\t\t\t\t\t\t\t\t\t\t\t\t\t<img decoding=\"async\" width=\"150\" height=\"150\" src=\"https:\/\/www.imparpower.pt\/novo\/wp-content\/uploads\/2021\/12\/angryimg-2.png\" class=\"attachment-thumbnail size-thumbnail wp-image-3074\" alt=\"\" srcset=\"https:\/\/www.imparpower.pt\/novo\/wp-content\/uploads\/2021\/12\/angryimg-2.png 400w, https:\/\/www.imparpower.pt\/novo\/wp-content\/uploads\/2021\/12\/angryimg-2-100x100.png 100w\" sizes=\"(max-width: 150px) 100vw, 150px\" \/>\t\t\t\t\t\t\t\t\t\t\t\t\t\t\t<\/div>\n\t\t\t\t<div class=\"elementor-element elementor-element-8ee950e elementor-invisible elementor-widget elementor-widget-image\" data-id=\"8ee950e\" data-element_type=\"widget\" data-e-type=\"widget\" data-settings=\"{&quot;_animation&quot;:&quot;fadeIn&quot;,&quot;_animation_delay&quot;:300,&quot;ultimate_floating_fx_translate_y&quot;:{&quot;unit&quot;:&quot;px&quot;,&quot;size&quot;:&quot;&quot;,&quot;sizes&quot;:[]}}\" data-widget_type=\"image.default\">\n\t\t\t\t\t\t\t\t\t\t\t\t\t\t\t<img fetchpriority=\"high\" decoding=\"async\" width=\"640\" height=\"488\" src=\"https:\/\/www.imparpower.pt\/novo\/wp-content\/uploads\/2023\/05\/Restauracao.webp\" class=\"attachment-medium_large size-medium_large wp-image-4764\" alt=\"Restaura\u00e7\u00e3o\" srcset=\"https:\/\/www.imparpower.pt\/novo\/wp-content\/uploads\/2023\/05\/Restauracao.webp 680w, https:\/\/www.imparpower.pt\/novo\/wp-content\/uploads\/2023\/05\/Restauracao-300x229.webp 300w, https:\/\/www.imparpower.pt\/novo\/wp-content\/uploads\/2023\/05\/Restauracao-433x330.webp 433w, https:\/\/www.imparpower.pt\/novo\/wp-content\/uploads\/2023\/05\/Restauracao-236x180.webp 236w\" sizes=\"(max-width: 640px) 100vw, 640px\" \/>\t\t\t\t\t\t\t\t\t\t\t\t\t\t\t<\/div>\n\t\t\t\t<div class=\"elementor-element elementor-element-c9ccb1b elementor-widget__width-initial elementor-absolute elementor-widget-mobile__width-initial elementor-invisible elementor-widget elementor-widget-image\" data-id=\"c9ccb1b\" data-element_type=\"widget\" data-e-type=\"widget\" data-settings=\"{&quot;_animation&quot;:&quot;zoomIn&quot;,&quot;_animation_delay&quot;:600,&quot;_position&quot;:&quot;absolute&quot;,&quot;ultimate_floating_fx_translate_y&quot;:{&quot;unit&quot;:&quot;px&quot;,&quot;size&quot;:&quot;&quot;,&quot;sizes&quot;:[]}}\" data-widget_type=\"image.default\">\n\t\t\t\t\t\t\t\t\t\t\t\t\t\t\t<img decoding=\"async\" width=\"300\" height=\"300\" src=\"https:\/\/www.imparpower.pt\/novo\/wp-content\/uploads\/2021\/12\/angryimg-2.png\" class=\"attachment-medium size-medium wp-image-3074\" alt=\"\" srcset=\"https:\/\/www.imparpower.pt\/novo\/wp-content\/uploads\/2021\/12\/angryimg-2.png 400w, https:\/\/www.imparpower.pt\/novo\/wp-content\/uploads\/2021\/12\/angryimg-2-100x100.png 100w\" sizes=\"(max-width: 300px) 100vw, 300px\" \/>\t\t\t\t\t\t\t\t\t\t\t\t\t\t\t<\/div>\n\t\t\t\t\t<\/div>\n\t\t<\/div>\n\t\t\t\t<div class=\"elementor-column elementor-col-50 elementor-inner-column elementor-element elementor-element-893f0d9\" data-id=\"893f0d9\" data-element_type=\"column\" data-e-type=\"column\">\n\t\t\t<div class=\"elementor-widget-wrap elementor-element-populated\">\n\t\t\t\t\t\t<div class=\"elementor-element elementor-element-03a9068 elementor-invisible elementor-widget elementor-widget-UltimateAreaTitle\" data-id=\"03a9068\" data-element_type=\"widget\" data-e-type=\"widget\" data-settings=\"{&quot;_animation&quot;:&quot;fadeInUp&quot;,&quot;_animation_delay&quot;:300,&quot;ultimate_floating_fx_translate_y&quot;:{&quot;unit&quot;:&quot;px&quot;,&quot;size&quot;:&quot;&quot;,&quot;sizes&quot;:[]}}\" data-widget_type=\"UltimateAreaTitle.default\">\n\t\t\t\t<div class=\"elementor-widget-container\">\n\t\t\t\t\t<div class=\"area__content\">\t\t\t\r\n\t\t\t\t\r\n\t\t\t\t<div class=\"area__subtitle\">Restaura\u00e7\u00e3o<\/div><div class=\"area__title\"><p>As solu\u00e7\u00f5es da ImparPower s\u00e3o as ideais para um servi\u00e7o mais r\u00e1pido e eficiente.<\/p>\n<\/div>\r\n\t\t\t\t<div class=\"area__description\"><p style=\"text-align: justify;\">J\u00e1 deve ter percebido que o perfil do seu cliente est\u00e1 a mudar. Sabemos que eles exigem de si um servi\u00e7o mais eficiente e, por isso, temos solu\u00e7\u00f5es\u00a0que simplificam os processos de gest\u00e3o do seu restaurante, aumentando a qualidade do seu servi\u00e7o.<\/p>\n<\/div>\r\n\t\t\t\t<\/div>\t\t\t\t<\/div>\n\t\t\t\t<\/div>\n\t\t\t\t\t<\/div>\n\t\t<\/div>\n\t\t\t\t\t<\/div>\n\t\t<\/section>\n\t\t\t\t\t<\/div>\n\t\t<\/div>\n\t\t\t\t\t<\/div>\n\t\t<\/section>\n\t\t\t\t<section class=\"elementor-section elementor-top-section elementor-element elementor-element-030ed87 elementor-section-boxed elementor-section-height-default elementor-section-height-default\" data-id=\"030ed87\" data-element_type=\"section\" data-e-type=\"section\" data-settings=\"{&quot;background_background&quot;:&quot;classic&quot;}\">\n\t\t\t\t\t\t<div class=\"elementor-container elementor-column-gap-default\">\n\t\t\t\t\t<div class=\"elementor-column elementor-col-100 elementor-top-column elementor-element elementor-element-1ce5b33\" data-id=\"1ce5b33\" data-element_type=\"column\" data-e-type=\"column\">\n\t\t\t<div class=\"elementor-widget-wrap elementor-element-populated\">\n\t\t\t\t\t\t<div class=\"elementor-element elementor-element-6cbd0f9 elementor-widget elementor-widget-UltimateAreaTitle\" data-id=\"6cbd0f9\" data-element_type=\"widget\" data-e-type=\"widget\" data-settings=\"{&quot;ultimate_floating_fx_translate_y&quot;:{&quot;unit&quot;:&quot;px&quot;,&quot;size&quot;:&quot;&quot;,&quot;sizes&quot;:[]}}\" data-widget_type=\"UltimateAreaTitle.default\">\n\t\t\t\t<div class=\"elementor-widget-container\">\n\t\t\t\t\t<div class=\"area__content\">\t\t\t\r\n\t\t\t\t\r\n\t\t\t\t<div class=\"area__title\"><h3>Com as nossas solu\u00e7\u00f5es, poder\u00e1 ainda aceder a toda a informa\u00e7\u00e3o relativa \u00e0 gest\u00e3o do seu neg\u00f3cio: an\u00e1lise de vendas e n\u00famero de visitas por cliente, produtos mais vendidos.<\/h3>\n<\/div>\r\n\t\t\t\t<div class=\"area__description\"><p style=\"text-align: justify;\">As nossas solu\u00e7\u00f5es\u00a0permitem-lhe diferenciar e personalizar o atendimento ao seu cliente, atrav\u00e9s das ferramentas de fideliza\u00e7\u00e3o com as quais poder\u00e1 realizar a\u00e7\u00f5es de promo\u00e7\u00e3o mais atrativas.<\/p>\n<p style=\"text-align: justify;\">Ao utilizar as nossas solu\u00e7\u00f5es est\u00e1 simplificar os seus processos, agilizando a gest\u00e3o operacional das v\u00e1rias \u00e1reas que compo\u00eam o seu restaurante, como a gest\u00e3o de pedidos, comunica\u00e7\u00e3o \u00e0 cozinha, etc... Sendo que pode usufruir de um vasto controlo de acesso dos colaboradores \u00e0 aplica\u00e7\u00e3o por password, cart\u00e3o ou ibutton (podendo mesmo limitar atendimento a determinadas mesas\/zonhas), com \"fecho cego\" de caixa por funcion\u00e1rio, e ainda pode motivar a sua equipa utilizando o c\u00e1lculo de comiss\u00f5es por funcion\u00e1rio\/produto.<\/p>\n<p style=\"text-align: justify;\">Posto isto, na \u00e1rea da restaura\u00e7\u00e3o, pode ainda premiar os seus clientes mais fi\u00e9is mediante a execu\u00e7\u00e3o de campanhas promocionais, concess\u00e3o de cr\u00e9dito ou pontos de fideliza\u00e7\u00e3o e ainda ter uma gest\u00e3o di\u00e1ria simples de todo o seu restaurante, mediante integra\u00e7\u00e3o com o back-office, onde pode ter acesso aos valores das compras, stocks e respetivas datas de validade, contas correntes com fornecedores e at\u00e9 contas banc\u00e1rias.<\/p>\n<\/div>\r\n\t\t\t\t<\/div>\t\t\t\t<\/div>\n\t\t\t\t<\/div>\n\t\t\t\t\t<\/div>\n\t\t<\/div>\n\t\t\t\t\t<\/div>\n\t\t<\/section>\n\t\t\t\t<section class=\"elementor-section elementor-top-section elementor-element elementor-element-17272fe elementor-section-boxed elementor-section-height-default elementor-section-height-default\" data-id=\"17272fe\" data-element_type=\"section\" data-e-type=\"section\" data-settings=\"{&quot;background_background&quot;:&quot;gradient&quot;}\">\n\t\t\t\t\t\t<div class=\"elementor-container elementor-column-gap-default\">\n\t\t\t\t\t<div class=\"elementor-column elementor-col-100 elementor-top-column elementor-element elementor-element-156ee30\" data-id=\"156ee30\" data-element_type=\"column\" data-e-type=\"column\">\n\t\t\t<div class=\"elementor-widget-wrap elementor-element-populated\">\n\t\t\t\t\t\t<section class=\"elementor-section elementor-inner-section elementor-element elementor-element-f169afe elementor-section-content-middle elementor-section-boxed elementor-section-height-default elementor-section-height-default\" data-id=\"f169afe\" data-element_type=\"section\" data-e-type=\"section\" data-settings=\"{&quot;background_background&quot;:&quot;classic&quot;}\">\n\t\t\t\t\t\t\t<div class=\"elementor-background-overlay\"><\/div>\n\t\t\t\t\t\t\t<div class=\"elementor-container elementor-column-gap-default\">\n\t\t\t\t\t<div class=\"elementor-column elementor-col-50 elementor-inner-column elementor-element elementor-element-81639cc\" data-id=\"81639cc\" data-element_type=\"column\" data-e-type=\"column\">\n\t\t\t<div class=\"elementor-widget-wrap elementor-element-populated\">\n\t\t\t\t\t\t<div class=\"elementor-element elementor-element-1ac3bad elementor-widget__width-initial elementor-invisible elementor-widget elementor-widget-Ultimate_Info_Box_Widget\" data-id=\"1ac3bad\" data-element_type=\"widget\" data-e-type=\"widget\" data-settings=\"{&quot;_animation&quot;:&quot;fadeInUp&quot;,&quot;_animation_delay&quot;:400,&quot;ultimate_floating_fx_translate_y&quot;:{&quot;unit&quot;:&quot;px&quot;,&quot;size&quot;:&quot;&quot;,&quot;sizes&quot;:[]}}\" data-widget_type=\"Ultimate_Info_Box_Widget.default\">\n\t\t\t\t<div class=\"elementor-widget-container\">\n\t\t\t\t\t            <div class=\"ultimate__info__box__wrap ultimate__infobox__style__2\" >\r\n\r\n                                                    <div class = \"info__box__list\">\r\n                                                                                <div class=\"single__info__box elementor-repeater-item-282f097\">\r\n\r\n                                                                    <div class=\"info__box__icon\">\r\n                                        <i class=\"fa fa-phone\"><\/i>                                    <\/div>\r\n                                                                                                                                            <div class=\"info__title\">Telefone:<\/div>\r\n                                                                                                                <div class=\"info__details\"><p><span style=\"color: #ffffff;\"><a style=\"color: #ffffff;\" href=\"tel:253047992\">+351 253 047 992<\/a><\/span><\/p>\n<\/div>\r\n                                                                                                <\/div>\r\n                                            <\/div>\r\n                            <\/div>\r\n        \t\t\t\t<\/div>\n\t\t\t\t<\/div>\n\t\t\t\t\t<\/div>\n\t\t<\/div>\n\t\t\t\t<div class=\"elementor-column elementor-col-50 elementor-inner-column elementor-element elementor-element-0ba7bd2\" data-id=\"0ba7bd2\" data-element_type=\"column\" data-e-type=\"column\">\n\t\t\t<div class=\"elementor-widget-wrap elementor-element-populated\">\n\t\t\t\t\t\t<div class=\"elementor-element elementor-element-55464e8 elementor-invisible elementor-widget elementor-widget-Ultimate_Info_Box_Widget\" data-id=\"55464e8\" data-element_type=\"widget\" data-e-type=\"widget\" data-settings=\"{&quot;_animation&quot;:&quot;fadeInUp&quot;,&quot;_animation_delay&quot;:500,&quot;ultimate_floating_fx_translate_y&quot;:{&quot;unit&quot;:&quot;px&quot;,&quot;size&quot;:&quot;&quot;,&quot;sizes&quot;:[]}}\" data-widget_type=\"Ultimate_Info_Box_Widget.default\">\n\t\t\t\t<div class=\"elementor-widget-container\">\n\t\t\t\t\t            <div class=\"ultimate__info__box__wrap ultimate__infobox__style__3\" >\r\n\r\n                                                    <div class = \"info__box__list\">\r\n                                                                                <div class=\"single__info__box elementor-repeater-item-bb5d642\">\r\n\r\n                                                                    <div class=\"info__box__icon\">\r\n                                        <i class=\"fas fa-envelope\"><\/i>                                    <\/div>\r\n                                                                                                                                            <div class=\"info__title\">EMAIL:<\/div>\r\n                                                                                                                <div class=\"info__details\"><p><span style=\"color: #ffffff;\"><a style=\"color: #ffffff;\" href=\"mailto:geral@imparpower.pt\">geral@imparpower.pt<\/a><\/span><\/p>\n<\/div>\r\n                                                                                                <\/div>\r\n                                            <\/div>\r\n                            <\/div>\r\n        \t\t\t\t<\/div>\n\t\t\t\t<\/div>\n\t\t\t\t\t<\/div>\n\t\t<\/div>\n\t\t\t\t\t<\/div>\n\t\t<\/section>\n\t\t\t\t\t<\/div>\n\t\t<\/div>\n\t\t\t\t\t<\/div>\n\t\t<\/section>\n\t\t\t\t<\/div>\n\t\t","protected":false},"excerpt":{"rendered":"<p>Restaura\u00e7\u00e3o As solu\u00e7\u00f5es da ImparPower s\u00e3o as ideais para um servi\u00e7o mais r\u00e1pido e eficiente. J\u00e1 deve ter percebido que [&hellip;]<\/p>\n","protected":false},"author":2,"featured_media":0,"parent":1379,"menu_order":0,"comment_status":"closed","ping_status":"closed","template":"template\/composer.php","meta":{"footnotes":""},"tags":[219,65,63,100,61,59,66,64],"class_list":["post-4375","page","type-page","status-publish","hentry","tag-cafe","tag-sage","tag-sage-gesrest","tag-software","tag-software-pao-quente","tag-software-restaurante","tag-xd","tag-xd-rest","no-post-thumbnail"],"aioseo_notices":[],"_links":{"self":[{"href":"https:\/\/www.imparpower.pt\/novo\/wp-json\/wp\/v2\/pages\/4375","targetHints":{"allow":["GET"]}}],"collection":[{"href":"https:\/\/www.imparpower.pt\/novo\/wp-json\/wp\/v2\/pages"}],"about":[{"href":"https:\/\/www.imparpower.pt\/novo\/wp-json\/wp\/v2\/types\/page"}],"author":[{"embeddable":true,"href":"https:\/\/www.imparpower.pt\/novo\/wp-json\/wp\/v2\/users\/2"}],"replies":[{"embeddable":true,"href":"https:\/\/www.imparpower.pt\/novo\/wp-json\/wp\/v2\/comments?post=4375"}],"version-history":[{"count":16,"href":"https:\/\/www.imparpower.pt\/novo\/wp-json\/wp\/v2\/pages\/4375\/revisions"}],"predecessor-version":[{"id":5892,"href":"https:\/\/www.imparpower.pt\/novo\/wp-json\/wp\/v2\/pages\/4375\/revisions\/5892"}],"up":[{"embeddable":true,"href":"https:\/\/www.imparpower.pt\/novo\/wp-json\/wp\/v2\/pages\/1379"}],"wp:attachment":[{"href":"https:\/\/www.imparpower.pt\/novo\/wp-json\/wp\/v2\/media?parent=4375"}],"wp:term":[{"taxonomy":"post_tag","embeddable":true,"href":"https:\/\/www.imparpower.pt\/novo\/wp-json\/wp\/v2\/tags?post=4375"}],"curies":[{"name":"wp","href":"https:\/\/api.w.org\/{rel}","templated":true}]}}