{"id":4535,"date":"2023-05-09T15:58:25","date_gmt":"2023-05-09T15:58:25","guid":{"rendered":"https:\/\/www.imparpower.pt\/novo\/?page_id=4535"},"modified":"2025-04-07T10:56:16","modified_gmt":"2025-04-07T10:56:16","slug":"criacao-de-websites","status":"publish","type":"page","link":"https:\/\/www.imparpower.pt\/novo\/servicos\/criacao-de-websites\/","title":{"rendered":"Cria\u00e7\u00e3o de Websites"},"content":{"rendered":"\t\t<div data-elementor-type=\"wp-page\" data-elementor-id=\"4535\" class=\"elementor elementor-4535\">\n\t\t\t\t\t\t<section class=\"elementor-section elementor-top-section elementor-element elementor-element-af2f93c elementor-section-boxed elementor-section-height-default elementor-section-height-default\" data-id=\"af2f93c\" data-element_type=\"section\" data-e-type=\"section\" data-settings=\"{&quot;background_background&quot;:&quot;classic&quot;}\">\n\t\t\t\t\t\t<div class=\"elementor-container elementor-column-gap-default\">\n\t\t\t\t\t<div class=\"elementor-column elementor-col-100 elementor-top-column elementor-element elementor-element-48170fc\" data-id=\"48170fc\" data-element_type=\"column\" data-e-type=\"column\">\n\t\t\t<div class=\"elementor-widget-wrap elementor-element-populated\">\n\t\t\t\t\t\t<div class=\"elementor-element elementor-element-2f44cea elementor-widget elementor-widget-html\" data-id=\"2f44cea\" data-element_type=\"widget\" data-e-type=\"widget\" data-settings=\"{&quot;ultimate_floating_fx_translate_y&quot;:{&quot;unit&quot;:&quot;px&quot;,&quot;size&quot;:&quot;&quot;,&quot;sizes&quot;:[]}}\" data-widget_type=\"html.default\">\n\t\t\t\t\t<!-- Google tag (gtag.js) -->\r\n<script async src=\"https:\/\/www.googletagmanager.com\/gtag\/js?id=G-37XP1N99E7\"><\/script>\r\n<script>\r\n  window.dataLayer = window.dataLayer || [];\r\n  function gtag(){dataLayer.push(arguments);}\r\n  gtag('js', new Date());\r\n\r\n  gtag('config', 'G-37XP1N99E7');\r\n<\/script>\t\t\t\t<\/div>\n\t\t\t\t<section class=\"elementor-section elementor-inner-section elementor-element elementor-element-4ed8935 elementor-section-content-middle elementor-section-boxed elementor-section-height-default elementor-section-height-default\" data-id=\"4ed8935\" data-element_type=\"section\" data-e-type=\"section\">\n\t\t\t\t\t\t<div class=\"elementor-container elementor-column-gap-default\">\n\t\t\t\t\t<div class=\"elementor-column elementor-col-50 elementor-inner-column elementor-element elementor-element-02f9bc0\" data-id=\"02f9bc0\" data-element_type=\"column\" data-e-type=\"column\">\n\t\t\t<div class=\"elementor-widget-wrap elementor-element-populated\">\n\t\t\t\t\t\t<div class=\"elementor-element elementor-element-c09fb31 elementor-invisible elementor-widget elementor-widget-image\" data-id=\"c09fb31\" data-element_type=\"widget\" data-e-type=\"widget\" data-settings=\"{&quot;_animation&quot;:&quot;fadeInUp&quot;,&quot;_animation_delay&quot;:300,&quot;ultimate_floating_fx_translate_y&quot;:{&quot;unit&quot;:&quot;px&quot;,&quot;size&quot;:&quot;&quot;,&quot;sizes&quot;:[]}}\" data-widget_type=\"image.default\">\n\t\t\t\t\t\t\t\t\t\t\t\t\t\t\t<img fetchpriority=\"high\" decoding=\"async\" width=\"680\" height=\"518\" src=\"https:\/\/www.imparpower.pt\/novo\/wp-content\/uploads\/2023\/05\/Websites-1.jpg\" class=\"attachment-full size-full wp-image-4743\" alt=\"Websites\" srcset=\"https:\/\/www.imparpower.pt\/novo\/wp-content\/uploads\/2023\/05\/Websites-1.jpg 680w, https:\/\/www.imparpower.pt\/novo\/wp-content\/uploads\/2023\/05\/Websites-1-300x229.jpg 300w, https:\/\/www.imparpower.pt\/novo\/wp-content\/uploads\/2023\/05\/Websites-1-433x330.jpg 433w, https:\/\/www.imparpower.pt\/novo\/wp-content\/uploads\/2023\/05\/Websites-1-236x180.jpg 236w\" sizes=\"(max-width: 680px) 100vw, 680px\" \/>\t\t\t\t\t\t\t\t\t\t\t\t\t\t\t<\/div>\n\t\t\t\t\t<\/div>\n\t\t<\/div>\n\t\t\t\t<div class=\"elementor-column elementor-col-50 elementor-inner-column elementor-element elementor-element-62f0054\" data-id=\"62f0054\" data-element_type=\"column\" data-e-type=\"column\">\n\t\t\t<div class=\"elementor-widget-wrap elementor-element-populated\">\n\t\t\t\t\t\t<div class=\"elementor-element elementor-element-2ed22b1 elementor-invisible elementor-widget elementor-widget-UltimateAreaTitle\" data-id=\"2ed22b1\" data-element_type=\"widget\" data-e-type=\"widget\" data-settings=\"{&quot;_animation&quot;:&quot;fadeInUp&quot;,&quot;_animation_delay&quot;:300,&quot;ultimate_floating_fx_translate_y&quot;:{&quot;unit&quot;:&quot;px&quot;,&quot;size&quot;:&quot;&quot;,&quot;sizes&quot;:[]}}\" data-widget_type=\"UltimateAreaTitle.default\">\n\t\t\t\t<div class=\"elementor-widget-container\">\n\t\t\t\t\t<div class=\"area__content\">\t\t\t\r\n\t\t\t\t\r\n\t\t\t\t<div class=\"area__subtitle\">Servi\u00e7os<\/div><div class=\"area__title\"><p>Desenvolvimento de Websites e Lojas Online<\/p>\n<\/div>\r\n\t\t\t\t<div class=\"area__description\"><p style=\"text-align: justify;\">Com a sempre crescente popularidade da Internet, \u00e9 quase inevit\u00e1vel que toda a empresa ou neg\u00f3cio tenha um website. N\u00e3o se trata apenas de uma moda, mas sim uma consci\u00eancia cada vez maior das vantagens de usar a aldeia global como m\u00e9todo de publicidade e neg\u00f3cio.<\/p>\n<\/div>\r\n\t\t\t\t<\/div>\t\t\t\t<\/div>\n\t\t\t\t<\/div>\n\t\t\t\t\t<\/div>\n\t\t<\/div>\n\t\t\t\t\t<\/div>\n\t\t<\/section>\n\t\t\t\t\t<\/div>\n\t\t<\/div>\n\t\t\t\t\t<\/div>\n\t\t<\/section>\n\t\t\t\t<section class=\"elementor-section elementor-top-section elementor-element elementor-element-1867333 elementor-section-boxed elementor-section-height-default elementor-section-height-default\" data-id=\"1867333\" data-element_type=\"section\" data-e-type=\"section\" data-settings=\"{&quot;background_background&quot;:&quot;classic&quot;}\">\n\t\t\t\t\t\t<div class=\"elementor-container elementor-column-gap-default\">\n\t\t\t\t\t<div class=\"elementor-column elementor-col-100 elementor-top-column elementor-element elementor-element-385f3f7\" data-id=\"385f3f7\" data-element_type=\"column\" data-e-type=\"column\">\n\t\t\t<div class=\"elementor-widget-wrap elementor-element-populated\">\n\t\t\t\t\t\t<div class=\"elementor-element elementor-element-9f9dfe7 elementor-widget elementor-widget-UltimateAreaTitle\" data-id=\"9f9dfe7\" data-element_type=\"widget\" data-e-type=\"widget\" data-settings=\"{&quot;ultimate_floating_fx_translate_y&quot;:{&quot;unit&quot;:&quot;px&quot;,&quot;size&quot;:&quot;&quot;,&quot;sizes&quot;:[]}}\" data-widget_type=\"UltimateAreaTitle.default\">\n\t\t\t\t<div class=\"elementor-widget-container\">\n\t\t\t\t\t<div class=\"area__content\">\t\t\t\r\n\t\t\t\t\r\n\t\t\t\t<h3 class=\"area__title\"><h2>Websites Adaptados ao Formato Mobile<\/h2>\n<\/h3>\r\n\t\t\t\t<div class=\"area__description\"><p style=\"text-align: justify;\">No entanto, n\u00e3o \u00e9 suficiente publicar um website com um bom design, \u00e9 imperativo constru\u00ed-lo de forma a ter relev\u00e2ncia na lista de resultados dos motores de pesquisa. A cria\u00e7\u00e3o de conte\u00fados originais e relevantes desperta o interesse do utilizador.<\/p>\n<p style=\"text-align: justify;\">Criamos websites personalizados e adaptados \u00e0 imagem da sua empresa. Se preferir poder\u00e1 reformular o atual, sugerindo atender sempre \u00e0s diretrizes da otimiza\u00e7\u00e3o para motores de busca.<\/p>\n<p style=\"text-align: justify;\">Tenha uma plataforma 100% integrada e responsiva para uma melhor experi\u00eancia por parte do seu usu\u00e1rio.<\/p>\n<p style=\"text-align: justify;\">Os websites dever\u00e3o estar adapt\u00e1veis a todos os formatos e tamanhos. Ter um website otimizado para mobile \u00e9 essencial por uma s\u00e9rie de raz\u00f5es.<\/p>\n<p style=\"text-align: justify;\">O primeiro aspeto que temos de considerar \u00e9 que a experi\u00eancia m\u00f3vel \u00e9 fundamentalmente diferente da \u00e1rea de trabalho e o segundo, \u00e9 que os utilizadores s\u00e3o confrontados com um enorme conjunto de desafios, como o pequeno tamanho do ecr\u00e3, assim, como, teclados pequenos.<\/p>\n<\/div>\r\n\t\t\t\t<\/div>\t\t\t\t<\/div>\n\t\t\t\t<\/div>\n\t\t\t\t\t<\/div>\n\t\t<\/div>\n\t\t\t\t\t<\/div>\n\t\t<\/section>\n\t\t\t\t<section class=\"elementor-section elementor-top-section elementor-element elementor-element-f3b9c8e elementor-section-boxed elementor-section-height-default elementor-section-height-default\" data-id=\"f3b9c8e\" data-element_type=\"section\" data-e-type=\"section\" data-settings=\"{&quot;background_background&quot;:&quot;gradient&quot;}\">\n\t\t\t\t\t\t<div class=\"elementor-container elementor-column-gap-default\">\n\t\t\t\t\t<div class=\"elementor-column elementor-col-100 elementor-top-column elementor-element elementor-element-17315c1\" data-id=\"17315c1\" data-element_type=\"column\" data-e-type=\"column\">\n\t\t\t<div class=\"elementor-widget-wrap elementor-element-populated\">\n\t\t\t\t\t\t<section class=\"elementor-section elementor-inner-section elementor-element elementor-element-fa1c5e5 elementor-section-content-middle elementor-section-boxed elementor-section-height-default elementor-section-height-default\" data-id=\"fa1c5e5\" data-element_type=\"section\" data-e-type=\"section\" data-settings=\"{&quot;background_background&quot;:&quot;classic&quot;}\">\n\t\t\t\t\t\t\t<div class=\"elementor-background-overlay\"><\/div>\n\t\t\t\t\t\t\t<div class=\"elementor-container elementor-column-gap-default\">\n\t\t\t\t\t<div class=\"elementor-column elementor-col-50 elementor-inner-column elementor-element elementor-element-9e20dce\" data-id=\"9e20dce\" data-element_type=\"column\" data-e-type=\"column\">\n\t\t\t<div class=\"elementor-widget-wrap elementor-element-populated\">\n\t\t\t\t\t\t<div class=\"elementor-element elementor-element-bc99d1b elementor-widget__width-initial elementor-invisible elementor-widget elementor-widget-UltimateAreaTitle\" data-id=\"bc99d1b\" data-element_type=\"widget\" data-e-type=\"widget\" data-settings=\"{&quot;_animation&quot;:&quot;fadeInUp&quot;,&quot;_animation_delay&quot;:400,&quot;ultimate_floating_fx_translate_y&quot;:{&quot;unit&quot;:&quot;px&quot;,&quot;size&quot;:&quot;&quot;,&quot;sizes&quot;:[]}}\" data-widget_type=\"UltimateAreaTitle.default\">\n\t\t\t\t<div class=\"elementor-widget-container\">\n\t\t\t\t\t<div class=\"area__content\">\t\t\t\r\n\t\t\t\t\r\n\t\t\t\t<div class=\"area__subtitle\">Conctacto<\/div><div class=\"area__title\"><p>Saiba mais sobre os nossos servi\u00e7os!<\/p>\n<\/div>\r\n\t\t\t\t\r\n\t\t\t\t<\/div>\t\t\t\t<\/div>\n\t\t\t\t<\/div>\n\t\t\t\t\t<\/div>\n\t\t<\/div>\n\t\t\t\t<div class=\"elementor-column elementor-col-50 elementor-inner-column elementor-element elementor-element-28d9661\" data-id=\"28d9661\" data-element_type=\"column\" data-e-type=\"column\">\n\t\t\t<div class=\"elementor-widget-wrap elementor-element-populated\">\n\t\t\t\t\t\t<div class=\"elementor-element elementor-element-4bbfa9b elementor-invisible elementor-widget elementor-widget-Ultimate_Dual_Button\" data-id=\"4bbfa9b\" data-element_type=\"widget\" data-e-type=\"widget\" data-settings=\"{&quot;_animation&quot;:&quot;fadeInUp&quot;,&quot;_animation_delay&quot;:500,&quot;ultimate_floating_fx_translate_y&quot;:{&quot;unit&quot;:&quot;px&quot;,&quot;size&quot;:&quot;&quot;,&quot;sizes&quot;:[]}}\" data-widget_type=\"Ultimate_Dual_Button.default\">\n\t\t\t\t<div class=\"elementor-widget-container\">\n\t\t\t\t\t<div class=\"ultimate__dual__button btn__layout__1\"><a class=\"ultimate__btn btn__texteffect__1 elementor-repeater-item-5ca49a2\" href=\"https:\/\/www.imparpower.pt\/novo\/contactos\/\"><div class=\"button__title\">Contacte-nos!<\/div><\/a><\/div>\t\t\t\t<\/div>\n\t\t\t\t<\/div>\n\t\t\t\t\t<\/div>\n\t\t<\/div>\n\t\t\t\t\t<\/div>\n\t\t<\/section>\n\t\t\t\t\t<\/div>\n\t\t<\/div>\n\t\t\t\t\t<\/div>\n\t\t<\/section>\n\t\t\t\t<\/div>\n\t\t","protected":false},"excerpt":{"rendered":"<p>Servi\u00e7os Desenvolvimento de Websites e Lojas Online Com a sempre crescente popularidade da Internet, \u00e9 quase inevit\u00e1vel que toda a [&hellip;]<\/p>\n","protected":false},"author":2,"featured_media":0,"parent":4305,"menu_order":0,"comment_status":"closed","ping_status":"closed","template":"template\/composer.php","meta":{"footnotes":""},"tags":[92,221,89,91],"class_list":["post-4535","page","type-page","status-publish","hentry","tag-criacao","tag-desenvolvimento","tag-seo","tag-websites","no-post-thumbnail"],"aioseo_notices":[],"_links":{"self":[{"href":"https:\/\/www.imparpower.pt\/novo\/wp-json\/wp\/v2\/pages\/4535","targetHints":{"allow":["GET"]}}],"collection":[{"href":"https:\/\/www.imparpower.pt\/novo\/wp-json\/wp\/v2\/pages"}],"about":[{"href":"https:\/\/www.imparpower.pt\/novo\/wp-json\/wp\/v2\/types\/page"}],"author":[{"embeddable":true,"href":"https:\/\/www.imparpower.pt\/novo\/wp-json\/wp\/v2\/users\/2"}],"replies":[{"embeddable":true,"href":"https:\/\/www.imparpower.pt\/novo\/wp-json\/wp\/v2\/comments?post=4535"}],"version-history":[{"count":7,"href":"https:\/\/www.imparpower.pt\/novo\/wp-json\/wp\/v2\/pages\/4535\/revisions"}],"predecessor-version":[{"id":5704,"href":"https:\/\/www.imparpower.pt\/novo\/wp-json\/wp\/v2\/pages\/4535\/revisions\/5704"}],"up":[{"embeddable":true,"href":"https:\/\/www.imparpower.pt\/novo\/wp-json\/wp\/v2\/pages\/4305"}],"wp:attachment":[{"href":"https:\/\/www.imparpower.pt\/novo\/wp-json\/wp\/v2\/media?parent=4535"}],"wp:term":[{"taxonomy":"post_tag","embeddable":true,"href":"https:\/\/www.imparpower.pt\/novo\/wp-json\/wp\/v2\/tags?post=4535"}],"curies":[{"name":"wp","href":"https:\/\/api.w.org\/{rel}","templated":true}]}}