{"id":4567,"date":"2023-05-09T16:52:59","date_gmt":"2023-05-09T16:52:59","guid":{"rendered":"https:\/\/www.imparpower.pt\/novo\/?page_id=4567"},"modified":"2025-12-19T12:55:06","modified_gmt":"2025-12-19T12:55:06","slug":"termos-e-condicoes","status":"publish","type":"page","link":"https:\/\/www.imparpower.pt\/novo\/termos-e-condicoes\/","title":{"rendered":"Termos e Condi\u00e7\u00f5es"},"content":{"rendered":"\t\t<div data-elementor-type=\"wp-page\" data-elementor-id=\"4567\" class=\"elementor elementor-4567\">\n\t\t\t\t\t\t<section class=\"elementor-section elementor-top-section elementor-element elementor-element-0fda938 elementor-section-boxed elementor-section-height-default elementor-section-height-default\" data-id=\"0fda938\" data-element_type=\"section\" data-e-type=\"section\">\n\t\t\t\t\t\t<div class=\"elementor-container elementor-column-gap-default\">\n\t\t\t\t\t<div class=\"elementor-column elementor-col-100 elementor-top-column elementor-element elementor-element-c77f7b9\" data-id=\"c77f7b9\" data-element_type=\"column\" data-e-type=\"column\">\n\t\t\t<div class=\"elementor-widget-wrap elementor-element-populated\">\n\t\t\t\t\t\t<div class=\"elementor-element elementor-element-f2f4287 elementor-widget elementor-widget-UltimateAreaTitle\" data-id=\"f2f4287\" data-element_type=\"widget\" data-e-type=\"widget\" data-settings=\"{&quot;ultimate_floating_fx_translate_y&quot;:{&quot;unit&quot;:&quot;px&quot;,&quot;size&quot;:&quot;&quot;,&quot;sizes&quot;:[]}}\" data-widget_type=\"UltimateAreaTitle.default\">\n\t\t\t\t<div class=\"elementor-widget-container\">\n\t\t\t\t\t<div class=\"area__content\">\t\t\t\r\n\t\t\t\t\r\n\t\t\t\t\r\n\t\t\t\t<div class=\"area__description\"><h3>ASPETOS GERAIS<\/h3>\n<p>Este website \u00e9 operado pela Imparpower - Inform\u00e1tica Unipessoal Lda, com NIF: 508039916, Telefone: <span style=\"color: #000000;\"><a style=\"color: #000000;\" href=\"tel:253047992\">(+351) 253047992<\/a><\/span> (Chamada para a Rede Fixa Nacional) e email de contacto: <span style=\"color: #000000;\"><a style=\"color: #000000;\" href=\"mailto:geral@imparpower.pt\">geral@imparpower.pt<\/a><\/span>, com sede em Av. Manuel da Costa Campelos 366, 4815-738 Vizela.<\/p>\n<p>A utiliza\u00e7\u00e3o do Site atribui automaticamente a condi\u00e7\u00e3o de Utilizador e implica a aceita\u00e7\u00e3o, plena e sem reservas, de todas as disposi\u00e7\u00f5es inclu\u00eddas nos Termos e Condi\u00e7\u00f5es, na vers\u00e3o vigente em cada momento em que acede ao Site. Se n\u00e3o aceitar integralmente qualquer uma das condi\u00e7\u00f5es estabelecidas, n\u00e3o dever\u00e1 aceder\/utilizar o nosso Site. Ao consultar, utilizar ou descarregar o conte\u00fado do Site, est\u00e1 a comprometer-se a respeitar as condi\u00e7\u00f5es estabelecidas neste documento.<\/p>\n<p>O Utilizador poder\u00e1 utilizar o Site, sem necessidade de qualquer registo. No entanto, algumas das funcionalidades do Site poder\u00e3o encontrar-se dependentes de registo.<\/p>\n<h3>DADOS PESSOAIS E SEGURAN\u00c7A DE DADOS<\/h3>\n<p>Utilizamos cookies. Ao usar o site www.imparpower.pt consente a utiliza\u00e7\u00e3o de cookies. As cookies s\u00e3o usadas em algumas \u00e1reas do nosso site para permitir a funcionalidade desta \u00e1rea e facilitar a utiliza\u00e7\u00e3o dos visitantes. Por favor consulte a nossa <span style=\"color: #000000;\"><a style=\"color: #000000;\" href=\"https:\/\/www.imparpower.pt\/novo\/politica-de-cookies\/\">Pol\u00edtica de Cookies\u00a0<\/a>e\u00a0<a style=\"color: #000000;\" href=\"https:\/\/www.imparpower.pt\/novo\/politica-de-privacidade\/\">Pol\u00edtica de Privacidade<\/a>.<\/span><\/p>\n<h3>PROPRIEDADE INTELECTUAL<\/h3>\n<p>Salvo disposi\u00e7\u00e3o em contr\u00e1rio, o Direito de Propriedade Intelectual sobre o site www.imparpower.pt, assim como os seus conte\u00fados, informa\u00e7\u00e3o, textos, gr\u00e1ficos, fotografias tem direitos reservados \u00e0 Imparpower - Inform\u00e1tica Unipessoal Lda, sendo proibida a sua utiliza\u00e7\u00e3o, com fins comerciais ou n\u00e3o.<\/p>\n<p>Pode visualizar e\/ou imprimir p\u00e1ginas de wwwimparpower.pt\u00a0 para o seu uso pessoal, sujeito \u00e0s restri\u00e7\u00f5es definidas nestes termos e condi\u00e7\u00f5es.<\/p>\n<p>N\u00e3o deve:<\/p>\n<p>- Republicar material de www.imparpower.pt.<\/p>\n<p>- Reproduzir, duplicar ou copiar material de www.imparpower.pt.<\/p>\n<h3>LIMITA\u00c7\u00c3O DE RESPONSABILIDADE<\/h3>\n<p>O Utilizador ser\u00e1 respons\u00e1vel pelo conte\u00fado da informa\u00e7\u00e3o enviada ou transmitida para o site.<\/p>\n<p>\u00c9 do conhecimento do Utilizador que a utiliza\u00e7\u00e3o do site poder\u00e1 n\u00e3o ser 100% segura, existindo a possibilidade das informa\u00e7\u00f5es enviadas\/recebidas serem intercetadas por partes n\u00e3o autorizadas, n\u00e3o sendo a empresa respons\u00e1vel por falhas na seguran\u00e7a das comunica\u00e7\u00f5es e n\u00e3o assumindo qualquer responsabilidade pelo uso indevido da sua informa\u00e7\u00e3o por terceiros.<\/p>\n<p>O Utilizador reconhece que o acesso e utiliza\u00e7\u00e3o do site poder\u00e1 sofrer interrup\u00e7\u00f5es e que a informa\u00e7\u00e3o do Site pode conter bugs, erros, falhas t\u00e9cnicas, problemas ou outras limita\u00e7\u00f5es. O site pode conter liga\u00e7\u00f5es para outras p\u00e1ginas eletr\u00f3nicas ou ser acedido atrav\u00e9s de outras p\u00e1ginas eletr\u00f3nicas. N\u00e3o pode a empresa ser responsabilizada pelas mesmas, nomeadamente pelo controlo dos conte\u00fados, disponibilidade, operacionalidade ou desempenho.<\/p>\n<p>Nos termos m\u00e1ximos permitidos por lei, a empresa exclui qualquer responsabilidade, direta ou indireta, pela utiliza\u00e7\u00e3o do site.<\/p>\n<h3>DISPOSI\u00c7\u00d5ES FINAIS<\/h3>\n<p>No caso de viola\u00e7\u00e3o dos presentes Termos e Condi\u00e7\u00f5es, reservamos o direito de exercer toda e qualquer a\u00e7\u00e3o legalmente prevista. Al\u00e9m disso, reservamos o direito de, discricionariamente, dar como terminado o acesso ou utiliza\u00e7\u00e3o do site, com ou sem notifica\u00e7\u00e3o do utilizador.<\/p>\n<p>Os Termos e Condi\u00e7\u00f5es de utiliza\u00e7\u00e3o do Site s\u00e3o regulados de acordo com as leis em vigor.<\/p>\n<p>Se qualquer provis\u00e3o aqui descrita for considerada ilegal, nula, ou por qualquer raz\u00e3o inexequ\u00edvel, essa provis\u00e3o ser\u00e1 eliminada ou reduzida nos termos da lei, n\u00e3o afetando a validade e exequibilidade das restantes provis\u00f5es.<\/p>\n<p>Reservamos o direito de alterar os presentes Termos e Condi\u00e7\u00f5es sem aviso pr\u00e9vio. O Utilizador est\u00e1 vinculado \u00e0 vers\u00e3o dos Termos e Condi\u00e7\u00f5es no momento da sua utiliza\u00e7\u00e3o, pelo que recomendamos a sua consulta peri\u00f3dica.<\/p>\n<p>De acordo com a Lei n.\u00ba 144\/2015 em caso de lit\u00edgio a autoridade competente \u00e9 o Centro de Arbitragem de Conflitos de Consumo do Vale do Ave \u2013 www.triave.pt.<\/p>\n<\/div>\r\n\t\t\t\t<\/div>\t\t\t\t<\/div>\n\t\t\t\t<\/div>\n\t\t\t\t\t<\/div>\n\t\t<\/div>\n\t\t\t\t\t<\/div>\n\t\t<\/section>\n\t\t\t\t<section class=\"elementor-section elementor-top-section elementor-element elementor-element-773b257 elementor-section-boxed elementor-section-height-default elementor-section-height-default\" data-id=\"773b257\" data-element_type=\"section\" data-e-type=\"section\" data-settings=\"{&quot;background_background&quot;:&quot;gradient&quot;}\">\n\t\t\t\t\t\t<div class=\"elementor-container elementor-column-gap-default\">\n\t\t\t\t\t<div class=\"elementor-column elementor-col-100 elementor-top-column elementor-element elementor-element-f3e7cc1\" data-id=\"f3e7cc1\" data-element_type=\"column\" data-e-type=\"column\">\n\t\t\t<div class=\"elementor-widget-wrap elementor-element-populated\">\n\t\t\t\t\t\t<section class=\"elementor-section elementor-inner-section elementor-element elementor-element-292e7f5 elementor-section-content-middle elementor-section-boxed elementor-section-height-default elementor-section-height-default\" data-id=\"292e7f5\" data-element_type=\"section\" data-e-type=\"section\" data-settings=\"{&quot;background_background&quot;:&quot;classic&quot;}\">\n\t\t\t\t\t\t\t<div class=\"elementor-background-overlay\"><\/div>\n\t\t\t\t\t\t\t<div class=\"elementor-container elementor-column-gap-default\">\n\t\t\t\t\t<div class=\"elementor-column elementor-col-50 elementor-inner-column elementor-element elementor-element-aa9c1ee\" data-id=\"aa9c1ee\" data-element_type=\"column\" data-e-type=\"column\">\n\t\t\t<div class=\"elementor-widget-wrap elementor-element-populated\">\n\t\t\t\t\t\t<div class=\"elementor-element elementor-element-0537a50 elementor-widget__width-initial elementor-invisible elementor-widget elementor-widget-Ultimate_Info_Box_Widget\" data-id=\"0537a50\" data-element_type=\"widget\" data-e-type=\"widget\" data-settings=\"{&quot;_animation&quot;:&quot;fadeInUp&quot;,&quot;_animation_delay&quot;:400,&quot;ultimate_floating_fx_translate_y&quot;:{&quot;unit&quot;:&quot;px&quot;,&quot;size&quot;:&quot;&quot;,&quot;sizes&quot;:[]}}\" data-widget_type=\"Ultimate_Info_Box_Widget.default\">\n\t\t\t\t<div class=\"elementor-widget-container\">\n\t\t\t\t\t            <div class=\"ultimate__info__box__wrap ultimate__infobox__style__2\" >\r\n\r\n                                                    <div class = \"info__box__list\">\r\n                                                                                <div class=\"single__info__box elementor-repeater-item-282f097\">\r\n\r\n                                                                    <div class=\"info__box__icon\">\r\n                                        <i class=\"fa fa-phone\"><\/i>                                    <\/div>\r\n                                                                                                                                            <div class=\"info__title\">Telefone:<\/div>\r\n                                                                                                                <div class=\"info__details\"><p><span style=\"color: #ffffff;\"><a style=\"color: #ffffff;\" href=\"tel:253047992\">+351 253 047 992<\/a><\/span><\/p>\n<\/div>\r\n                                                                                                <\/div>\r\n                                            <\/div>\r\n                            <\/div>\r\n        \t\t\t\t<\/div>\n\t\t\t\t<\/div>\n\t\t\t\t\t<\/div>\n\t\t<\/div>\n\t\t\t\t<div class=\"elementor-column elementor-col-50 elementor-inner-column elementor-element elementor-element-0360935\" data-id=\"0360935\" data-element_type=\"column\" data-e-type=\"column\">\n\t\t\t<div class=\"elementor-widget-wrap elementor-element-populated\">\n\t\t\t\t\t\t<div class=\"elementor-element elementor-element-6573c2c elementor-invisible elementor-widget elementor-widget-Ultimate_Info_Box_Widget\" data-id=\"6573c2c\" data-element_type=\"widget\" data-e-type=\"widget\" data-settings=\"{&quot;_animation&quot;:&quot;fadeInUp&quot;,&quot;_animation_delay&quot;:500,&quot;ultimate_floating_fx_translate_y&quot;:{&quot;unit&quot;:&quot;px&quot;,&quot;size&quot;:&quot;&quot;,&quot;sizes&quot;:[]}}\" data-widget_type=\"Ultimate_Info_Box_Widget.default\">\n\t\t\t\t<div class=\"elementor-widget-container\">\n\t\t\t\t\t            <div class=\"ultimate__info__box__wrap ultimate__infobox__style__3\" >\r\n\r\n                                                    <div class = \"info__box__list\">\r\n                                                                                <div class=\"single__info__box elementor-repeater-item-bb5d642\">\r\n\r\n                                                                    <div class=\"info__box__icon\">\r\n                                        <i class=\"fas fa-envelope\"><\/i>                                    <\/div>\r\n                                                                                                                                            <div class=\"info__title\">EMAIL:<\/div>\r\n                                                                                                                <div class=\"info__details\"><p><span style=\"color: #ffffff;\"><a style=\"color: #ffffff;\" href=\"mailto:geral@imparpower.pt\">geral@imparpower.pt<\/a><\/span><\/p>\n<\/div>\r\n                                                                                                <\/div>\r\n                                            <\/div>\r\n                            <\/div>\r\n        \t\t\t\t<\/div>\n\t\t\t\t<\/div>\n\t\t\t\t\t<\/div>\n\t\t<\/div>\n\t\t\t\t\t<\/div>\n\t\t<\/section>\n\t\t\t\t\t<\/div>\n\t\t<\/div>\n\t\t\t\t\t<\/div>\n\t\t<\/section>\n\t\t\t\t<\/div>\n\t\t","protected":false},"excerpt":{"rendered":"<p>ASPETOS GERAIS Este website \u00e9 operado pela Imparpower &#8211; Inform\u00e1tica Unipessoal Lda, com NIF: 508039916, Telefone: (+351) 253047992 (Chamada para [&hellip;]<\/p>\n","protected":false},"author":2,"featured_media":0,"parent":0,"menu_order":0,"comment_status":"closed","ping_status":"closed","template":"template\/composer.php","meta":{"footnotes":""},"tags":[100,125,228],"class_list":["post-4567","page","type-page","status-publish","hentry","tag-software","tag-solucoes","tag-termos-e-condicoes","no-post-thumbnail"],"aioseo_notices":[],"_links":{"self":[{"href":"https:\/\/www.imparpower.pt\/novo\/wp-json\/wp\/v2\/pages\/4567","targetHints":{"allow":["GET"]}}],"collection":[{"href":"https:\/\/www.imparpower.pt\/novo\/wp-json\/wp\/v2\/pages"}],"about":[{"href":"https:\/\/www.imparpower.pt\/novo\/wp-json\/wp\/v2\/types\/page"}],"author":[{"embeddable":true,"href":"https:\/\/www.imparpower.pt\/novo\/wp-json\/wp\/v2\/users\/2"}],"replies":[{"embeddable":true,"href":"https:\/\/www.imparpower.pt\/novo\/wp-json\/wp\/v2\/comments?post=4567"}],"version-history":[{"count":10,"href":"https:\/\/www.imparpower.pt\/novo\/wp-json\/wp\/v2\/pages\/4567\/revisions"}],"predecessor-version":[{"id":5898,"href":"https:\/\/www.imparpower.pt\/novo\/wp-json\/wp\/v2\/pages\/4567\/revisions\/5898"}],"wp:attachment":[{"href":"https:\/\/www.imparpower.pt\/novo\/wp-json\/wp\/v2\/media?parent=4567"}],"wp:term":[{"taxonomy":"post_tag","embeddable":true,"href":"https:\/\/www.imparpower.pt\/novo\/wp-json\/wp\/v2\/tags?post=4567"}],"curies":[{"name":"wp","href":"https:\/\/api.w.org\/{rel}","templated":true}]}}