{"id":4569,"date":"2023-05-09T16:53:49","date_gmt":"2023-05-09T16:53:49","guid":{"rendered":"https:\/\/www.imparpower.pt\/novo\/?page_id=4569"},"modified":"2025-12-19T12:43:10","modified_gmt":"2025-12-19T12:43:10","slug":"politica-de-cookies","status":"publish","type":"page","link":"https:\/\/www.imparpower.pt\/novo\/politica-de-cookies\/","title":{"rendered":"Pol\u00edtica de Cookies"},"content":{"rendered":"\t\t<div data-elementor-type=\"wp-page\" data-elementor-id=\"4569\" class=\"elementor elementor-4569\">\n\t\t\t\t\t\t<section class=\"elementor-section elementor-top-section elementor-element elementor-element-1adf240 elementor-section-boxed elementor-section-height-default elementor-section-height-default\" data-id=\"1adf240\" data-element_type=\"section\" data-e-type=\"section\">\n\t\t\t\t\t\t<div class=\"elementor-container elementor-column-gap-default\">\n\t\t\t\t\t<div class=\"elementor-column elementor-col-100 elementor-top-column elementor-element elementor-element-c97e3ff\" data-id=\"c97e3ff\" data-element_type=\"column\" data-e-type=\"column\">\n\t\t\t<div class=\"elementor-widget-wrap elementor-element-populated\">\n\t\t\t\t\t\t<div class=\"elementor-element elementor-element-ddd7f8d elementor-widget elementor-widget-UltimateAreaTitle\" data-id=\"ddd7f8d\" data-element_type=\"widget\" data-e-type=\"widget\" data-settings=\"{&quot;ultimate_floating_fx_translate_y&quot;:{&quot;unit&quot;:&quot;px&quot;,&quot;size&quot;:&quot;&quot;,&quot;sizes&quot;:[]}}\" data-widget_type=\"UltimateAreaTitle.default\">\n\t\t\t\t<div class=\"elementor-widget-container\">\n\t\t\t\t\t<div class=\"area__content\">\t\t\t\r\n\t\t\t\t\r\n\t\t\t\t\r\n\t\t\t\t<div class=\"area__description\"><p>Utilizamos cookies no nosso website para melhorar o desempenho e a sua experi\u00eancia como utilizador. Veja a nossa Pol\u00edtica de Cookies no seguinte texto.<\/p>\n<h3>O que s\u00e3o cookies?<\/h3>\n<p>\u201cCookies\u201d s\u00e3o pequenos ficheiros de texto que s\u00e3o armazenados no seu computador ou no seu dispositivo m\u00f3vel atrav\u00e9s do navegador de internet (browser), retendo apenas informa\u00e7\u00e3o relacionada com as suas prefer\u00eancias, n\u00e3o incluindo, como tal, os seus dados pessoais. A coloca\u00e7\u00e3o de cookies ajudar\u00e1 o website a reconhecer o seu dispositivo na pr\u00f3xima vez que o utilizador o visita.<\/p>\n<p>Usamos o termo cookies nesta pol\u00edtica para referir todos os ficheiros que recolhem informa\u00e7\u00f5es desta forma.<\/p>\n<p>Os cookies utilizados n\u00e3o recolhem informa\u00e7\u00e3o que identifica o utilizador. Os cookies recolhem informa\u00e7\u00f5es gen\u00e9ricas, designadamente a forma como os utilizadores chegam e utilizam os websites ou a zona do pa\u00eds\/pa\u00edses atrav\u00e9s do qual acedem ao website, etc.<\/p>\n<p>Os cookies ret\u00eam apenas informa\u00e7\u00e3o relacionada com as suas prefer\u00eancias. A qualquer momento o utilizador pode, atrav\u00e9s do seu navegador de internet (browser) decidir ser notificado sobre a rece\u00e7\u00e3o de cookies, bem como bloquear a respetiva entrada no seu sistema.<\/p>\n<p>A recusa de uso de cookies no website, pode resultar na impossibilidade de ter acesso a algumas das suas \u00e1reas ou de receber informa\u00e7\u00e3o personalizada.<\/p>\n<h3>Para que servem os Cookies?<\/h3>\n<p>Os cookies servem para ajudar a determinar a utilidade, interesse e o n\u00famero de utiliza\u00e7\u00f5es dos seus websites, permitindo uma navega\u00e7\u00e3o mais r\u00e1pida e eficiente, eliminando a necessidade de introduzir repetidamente as mesmas informa\u00e7\u00f5es.<\/p>\n<h3>Como pode gerir os cookies?<\/h3>\n<p>Os cookies ajudam a tirar o m\u00e1ximo proveito dos websites no entanto, todos os navegadores de internet (browsers) permitem ao utilizador aceitar, recusar ou apagar cookies, nomeadamente atrav\u00e9s da sele\u00e7\u00e3o das defini\u00e7\u00f5es apropriadas no respetivo navegador de internet (browser).<br \/>Depois de autorizar o uso de cookies, o utilizador pode sempre desativar parte ou a totalidade dos nossos cookies. Para o efeito, o utilizador deve seguir as seguintes instru\u00e7\u00f5es:<\/p>\n<p>Configura\u00e7\u00f5es de Cookies no Internet Explorer \u2013 Desativar cookies<\/p>\n<p>Clique no menu \u201cFerramentas\u201d e escolha a op\u00e7\u00e3o \u201cOp\u00e7\u00f5es de Internet\u201d;<br \/>Selecione o separador \u201cPrivacidade\u201d;<br \/>Mova a barra para o topo, onde surgir\u00e1 \u201cBloquear todos os cookies\u201d.<\/p>\n<p>Nota: Existem v\u00e1rios n\u00edveis de ativa\u00e7\u00e3o e desativa\u00e7\u00e3o de cookies no Internet Explorer. Para mais informa\u00e7\u00f5es sobre defini\u00e7\u00f5es de cookies Internet Explorer, consulte a seguinte p\u00e1gina da Microsoft:<\/p>\n<p><span style=\"color: #000000;\"><a style=\"color: #000000;\" href=\"http:\/\/windows.microsoft.com\/pt-PT\/windows-vista\/Block-or-allow-cookies\">http:\/\/windows.microsoft.com\/pt-PT\/windows-vista\/Block-or-allow-cookies<\/a><\/span><\/p>\n<p>Configura\u00e7\u00f5es de Cookies no Mozilla Firefox \u2013 Desativar cookies<\/p>\n<p>Clique no menu \u201cFerramentas\u201d;<br \/>Selecione \u201cOp\u00e7\u00f5es\u201d;<br \/>Clique no \u00edcone \u201cPrivacidade\u201d, que encontra no painel superior;<br \/>Na sec\u00e7\u00e3o \u201cCookies\u201d desative a op\u00e7\u00e3o \u201cAceitar cookies dos websites\u201d;<br \/>Clique em \u201cOK\u201d para guardar as altera\u00e7\u00f5es e fechar.<\/p>\n<p>Nota: Existem v\u00e1rios n\u00edveis de ativa\u00e7\u00e3o e desativa\u00e7\u00e3o de cookies no Mozilla Firefox. Para mais informa\u00e7\u00f5es sobre defini\u00e7\u00f5es de cookies no Mozilla Firefox, consulte a seguinte p\u00e1gina :<\/p>\n<p><span style=\"color: #000000;\"><a style=\"color: #000000;\" href=\"https:\/\/support.mozilla.org\/pt-PT\/kb\/desativar-cookies-de-terceiros-no-firefox-para-impedir-alguns-tipos-monitorizacao-pelos-anunciantes\">Desativar \"cookies\" de terceiros e prote\u00e7\u00e3o contra a monitoriza\u00e7\u00e3o no Firefox | Ajuda de Firefox (mozilla.org)<\/a><\/span><\/p>\n<h3>Configura\u00e7\u00f5es de Cookies no Chrome \u2013 Desativar cookies<\/h3>\n<p>Clique no menu do Chrome na barra de ferramentas do navegador.<br \/>Selecione Defini\u00e7\u00f5es.<br \/>Clique em Mostrar defini\u00e7\u00f5es avan\u00e7adas.<br \/>Na sec\u00e7\u00e3o \u201cPrivacidade\u201d, clique no bot\u00e3o Defini\u00e7\u00f5es de conte\u00fado.<br \/>Selecione a op\u00e7\u00e3o \u201cBloquear defini\u00e7\u00e3o dos dados por parte dos websites\u201d.<\/p>\n<p>Pode alterar as seguintes defini\u00e7\u00f5es de cookies na sec\u00e7\u00e3o \u201cCookies\u201d:<\/p>\n<p>Eliminar cookies<br \/>Bloquear cookies por predefini\u00e7\u00e3o<br \/>Permitir cookies por predefini\u00e7\u00e3o<br \/>Manter cookies e dados do Website por predefini\u00e7\u00e3o at\u00e9 sair do navegador de internet (browser)<br \/>Criar exce\u00e7\u00f5es para cookies de Websites ou dom\u00ednios espec\u00edficos.<\/p>\n<p>Nota: Existem v\u00e1rios n\u00edveis de ativa\u00e7\u00e3o e desativa\u00e7\u00e3o de cookies no Google Chrome. Para mais informa\u00e7\u00f5es sobre defini\u00e7\u00f5es de cookies no Google Chrome, consulte a seguinte p\u00e1gina :<\/p>\n<p><span style=\"color: #000000;\"><a style=\"color: #000000;\" href=\"http:\/\/support.google.com\/chrome\/bin\/answer.py?hl=pt&amp;answer=95647&amp;topic=14666&amp;ctx=topic\">http:\/\/support.google.com\/chrome\/bin\/answer.py?hl=pt&amp;answer=95647&amp;topic=14666&amp;ctx=topic<\/a><\/span><\/p>\n<h3>Configura\u00e7\u00f5es de Cookies em Safari Web e IOS \u2013 Desativar cookies<\/h3>\n<p>Clique em \u201cEditar\u201d;<br \/>Selecione \u201cPrefer\u00eancias\u201d;<br \/>No painel superior, selecione o \u00edcone \u201cPrivacidade\u201d;<br \/>Na sec\u00e7\u00e3o \u201cAceitar cookies\u201d, selecione \u201cNunca\u201d.<\/p>\n<p>Nota: Existem v\u00e1rios n\u00edveis de ativa\u00e7\u00e3o e desativa\u00e7\u00e3o de cookies no Safari. Para mais informa\u00e7\u00f5es sobre defini\u00e7\u00f5es de cookies no Safari, consulte a seguinte p\u00e1gina :<\/p>\n<p><span style=\"color: #000000;\"><a style=\"color: #000000;\" href=\"http:\/\/support.apple.com\/kb\/HT1677?viewlocale=pt_PT\">http:\/\/support.apple.com\/kb\/HT1677?viewlocale=pt_PT<\/a><\/span><\/p>\n<h3>Outros navegadores de internet (browser)<\/h3>\n<p>Por favor, procure no menu \u201cajuda\u201d do navegador de internet (browser) ou contacte o fornecedor do navegador de internet (browser).<\/p>\n<p>NOTA: Recordamos que ao desativar os cookies, partes do nosso website podem n\u00e3o funcionar corretamente.<\/p>\n<p>Obrigada por ler a nossa Pol\u00edtica de Cookies.<\/p>\n<\/div>\r\n\t\t\t\t<\/div>\t\t\t\t<\/div>\n\t\t\t\t<\/div>\n\t\t\t\t\t<\/div>\n\t\t<\/div>\n\t\t\t\t\t<\/div>\n\t\t<\/section>\n\t\t\t\t<section class=\"elementor-section elementor-top-section elementor-element elementor-element-0249810 elementor-section-boxed elementor-section-height-default elementor-section-height-default\" data-id=\"0249810\" data-element_type=\"section\" data-e-type=\"section\" data-settings=\"{&quot;background_background&quot;:&quot;gradient&quot;}\">\n\t\t\t\t\t\t<div class=\"elementor-container elementor-column-gap-default\">\n\t\t\t\t\t<div class=\"elementor-column elementor-col-100 elementor-top-column elementor-element elementor-element-f099fb7\" data-id=\"f099fb7\" data-element_type=\"column\" data-e-type=\"column\">\n\t\t\t<div class=\"elementor-widget-wrap elementor-element-populated\">\n\t\t\t\t\t\t<section class=\"elementor-section elementor-inner-section elementor-element elementor-element-2e29bdb elementor-section-content-middle elementor-section-boxed elementor-section-height-default elementor-section-height-default\" data-id=\"2e29bdb\" data-element_type=\"section\" data-e-type=\"section\" data-settings=\"{&quot;background_background&quot;:&quot;classic&quot;}\">\n\t\t\t\t\t\t\t<div class=\"elementor-background-overlay\"><\/div>\n\t\t\t\t\t\t\t<div class=\"elementor-container elementor-column-gap-default\">\n\t\t\t\t\t<div class=\"elementor-column elementor-col-50 elementor-inner-column elementor-element elementor-element-36ca3dd\" data-id=\"36ca3dd\" data-element_type=\"column\" data-e-type=\"column\">\n\t\t\t<div class=\"elementor-widget-wrap elementor-element-populated\">\n\t\t\t\t\t\t<div class=\"elementor-element elementor-element-0eb7242 elementor-widget__width-initial elementor-invisible elementor-widget elementor-widget-Ultimate_Info_Box_Widget\" data-id=\"0eb7242\" data-element_type=\"widget\" data-e-type=\"widget\" data-settings=\"{&quot;_animation&quot;:&quot;fadeInUp&quot;,&quot;_animation_delay&quot;:400,&quot;ultimate_floating_fx_translate_y&quot;:{&quot;unit&quot;:&quot;px&quot;,&quot;size&quot;:&quot;&quot;,&quot;sizes&quot;:[]}}\" data-widget_type=\"Ultimate_Info_Box_Widget.default\">\n\t\t\t\t<div class=\"elementor-widget-container\">\n\t\t\t\t\t            <div class=\"ultimate__info__box__wrap ultimate__infobox__style__2\" >\r\n\r\n                                                    <div class = \"info__box__list\">\r\n                                                                                <div class=\"single__info__box elementor-repeater-item-282f097\">\r\n\r\n                                                                    <div class=\"info__box__icon\">\r\n                                        <i class=\"fa fa-phone\"><\/i>                                    <\/div>\r\n                                                                                                                                            <div class=\"info__title\">Telefone:<\/div>\r\n                                                                                                                <div class=\"info__details\"><p><span style=\"color: #ffffff;\"><a style=\"color: #ffffff;\" href=\"tel:253047992\">+351 253 047 992<\/a><\/span><\/p>\n<\/div>\r\n                                                                                                <\/div>\r\n                                            <\/div>\r\n                            <\/div>\r\n        \t\t\t\t<\/div>\n\t\t\t\t<\/div>\n\t\t\t\t\t<\/div>\n\t\t<\/div>\n\t\t\t\t<div class=\"elementor-column elementor-col-50 elementor-inner-column elementor-element elementor-element-8812ad6\" data-id=\"8812ad6\" data-element_type=\"column\" data-e-type=\"column\">\n\t\t\t<div class=\"elementor-widget-wrap elementor-element-populated\">\n\t\t\t\t\t\t<div class=\"elementor-element elementor-element-902e902 elementor-invisible elementor-widget elementor-widget-Ultimate_Info_Box_Widget\" data-id=\"902e902\" data-element_type=\"widget\" data-e-type=\"widget\" data-settings=\"{&quot;_animation&quot;:&quot;fadeInUp&quot;,&quot;_animation_delay&quot;:500,&quot;ultimate_floating_fx_translate_y&quot;:{&quot;unit&quot;:&quot;px&quot;,&quot;size&quot;:&quot;&quot;,&quot;sizes&quot;:[]}}\" data-widget_type=\"Ultimate_Info_Box_Widget.default\">\n\t\t\t\t<div class=\"elementor-widget-container\">\n\t\t\t\t\t            <div class=\"ultimate__info__box__wrap ultimate__infobox__style__3\" >\r\n\r\n                                                    <div class = \"info__box__list\">\r\n                                                                                <div class=\"single__info__box elementor-repeater-item-bb5d642\">\r\n\r\n                                                                    <div class=\"info__box__icon\">\r\n                                        <i class=\"fas fa-envelope\"><\/i>                                    <\/div>\r\n                                                                                                                                            <div class=\"info__title\">EMAIL:<\/div>\r\n                                                                                                                <div class=\"info__details\"><p><span style=\"color: #ffffff;\"><a style=\"color: #ffffff;\" href=\"mailto:geral@imparpower.pt\">geral@imparpower.pt<\/a><\/span><\/p>\n<\/div>\r\n                                                                                                <\/div>\r\n                                            <\/div>\r\n                            <\/div>\r\n        \t\t\t\t<\/div>\n\t\t\t\t<\/div>\n\t\t\t\t\t<\/div>\n\t\t<\/div>\n\t\t\t\t\t<\/div>\n\t\t<\/section>\n\t\t\t\t\t<\/div>\n\t\t<\/div>\n\t\t\t\t\t<\/div>\n\t\t<\/section>\n\t\t\t\t<\/div>\n\t\t","protected":false},"excerpt":{"rendered":"<p>Utilizamos cookies no nosso website para melhorar o desempenho e a sua experi\u00eancia como utilizador. Veja a nossa Pol\u00edtica de [&hellip;]<\/p>\n","protected":false},"author":2,"featured_media":0,"parent":0,"menu_order":0,"comment_status":"closed","ping_status":"closed","template":"template\/composer.php","meta":{"footnotes":""},"tags":[226,17,225],"class_list":["post-4569","page","type-page","status-publish","hentry","tag-cookies","tag-imparpower","tag-politica","no-post-thumbnail"],"aioseo_notices":[],"_links":{"self":[{"href":"https:\/\/www.imparpower.pt\/novo\/wp-json\/wp\/v2\/pages\/4569","targetHints":{"allow":["GET"]}}],"collection":[{"href":"https:\/\/www.imparpower.pt\/novo\/wp-json\/wp\/v2\/pages"}],"about":[{"href":"https:\/\/www.imparpower.pt\/novo\/wp-json\/wp\/v2\/types\/page"}],"author":[{"embeddable":true,"href":"https:\/\/www.imparpower.pt\/novo\/wp-json\/wp\/v2\/users\/2"}],"replies":[{"embeddable":true,"href":"https:\/\/www.imparpower.pt\/novo\/wp-json\/wp\/v2\/comments?post=4569"}],"version-history":[{"count":13,"href":"https:\/\/www.imparpower.pt\/novo\/wp-json\/wp\/v2\/pages\/4569\/revisions"}],"predecessor-version":[{"id":5874,"href":"https:\/\/www.imparpower.pt\/novo\/wp-json\/wp\/v2\/pages\/4569\/revisions\/5874"}],"wp:attachment":[{"href":"https:\/\/www.imparpower.pt\/novo\/wp-json\/wp\/v2\/media?parent=4569"}],"wp:term":[{"taxonomy":"post_tag","embeddable":true,"href":"https:\/\/www.imparpower.pt\/novo\/wp-json\/wp\/v2\/tags?post=4569"}],"curies":[{"name":"wp","href":"https:\/\/api.w.org\/{rel}","templated":true}]}}