{"id":4943,"date":"2023-05-17T15:44:23","date_gmt":"2023-05-17T15:44:23","guid":{"rendered":"https:\/\/www.imparpower.pt\/novo\/?page_id=4943"},"modified":"2025-12-19T12:55:17","modified_gmt":"2025-12-19T12:55:17","slug":"xd","status":"publish","type":"page","link":"https:\/\/www.imparpower.pt\/novo\/xd\/","title":{"rendered":"XD"},"content":{"rendered":"\t\t<div data-elementor-type=\"wp-page\" data-elementor-id=\"4943\" class=\"elementor elementor-4943\">\n\t\t\t\t\t\t<section class=\"elementor-section elementor-top-section elementor-element elementor-element-5219c18 elementor-section-boxed elementor-section-height-default elementor-section-height-default\" data-id=\"5219c18\" data-element_type=\"section\" data-e-type=\"section\" data-settings=\"{&quot;background_background&quot;:&quot;classic&quot;}\">\n\t\t\t\t\t\t<div class=\"elementor-container elementor-column-gap-default\">\n\t\t\t\t\t<div class=\"elementor-column elementor-col-100 elementor-top-column elementor-element elementor-element-106bba4\" data-id=\"106bba4\" data-element_type=\"column\" data-e-type=\"column\">\n\t\t\t<div class=\"elementor-widget-wrap elementor-element-populated\">\n\t\t\t\t\t\t<div class=\"elementor-element elementor-element-ebe91c9 elementor-widget elementor-widget-html\" data-id=\"ebe91c9\" data-element_type=\"widget\" data-e-type=\"widget\" data-settings=\"{&quot;ultimate_floating_fx_translate_y&quot;:{&quot;unit&quot;:&quot;px&quot;,&quot;size&quot;:&quot;&quot;,&quot;sizes&quot;:[]}}\" data-widget_type=\"html.default\">\n\t\t\t\t\t<!-- Google tag (gtag.js) -->\r\n<script async src=\"https:\/\/www.googletagmanager.com\/gtag\/js?id=G-37XP1N99E7\"><\/script>\r\n<script>\r\n  window.dataLayer = window.dataLayer || [];\r\n  function gtag(){dataLayer.push(arguments);}\r\n  gtag('js', new Date());\r\n\r\n  gtag('config', 'G-37XP1N99E7');\r\n<\/script>\t\t\t\t<\/div>\n\t\t\t\t<section class=\"elementor-section elementor-inner-section elementor-element elementor-element-7d94a47 elementor-section-content-middle elementor-section-boxed elementor-section-height-default elementor-section-height-default\" data-id=\"7d94a47\" data-element_type=\"section\" data-e-type=\"section\">\n\t\t\t\t\t\t<div class=\"elementor-container elementor-column-gap-default\">\n\t\t\t\t\t<div class=\"elementor-column elementor-col-50 elementor-inner-column elementor-element elementor-element-182c60e\" data-id=\"182c60e\" data-element_type=\"column\" data-e-type=\"column\">\n\t\t\t<div class=\"elementor-widget-wrap elementor-element-populated\">\n\t\t\t\t\t\t<div class=\"elementor-element elementor-element-9e8a005 elementor-widget__width-initial elementor-absolute elementor-widget-mobile__width-initial elementor-invisible elementor-widget elementor-widget-image\" data-id=\"9e8a005\" data-element_type=\"widget\" data-e-type=\"widget\" data-settings=\"{&quot;_animation&quot;:&quot;zoomIn&quot;,&quot;_animation_delay&quot;:900,&quot;_position&quot;:&quot;absolute&quot;,&quot;ultimate_floating_fx_translate_y&quot;:{&quot;unit&quot;:&quot;px&quot;,&quot;size&quot;:&quot;&quot;,&quot;sizes&quot;:[]}}\" data-widget_type=\"image.default\">\n\t\t\t\t\t\t\t\t\t\t\t\t\t\t\t<img decoding=\"async\" width=\"150\" height=\"150\" src=\"https:\/\/www.imparpower.pt\/novo\/wp-content\/uploads\/2021\/12\/angryimg-2.png\" class=\"attachment-thumbnail size-thumbnail wp-image-3074\" alt=\"\" srcset=\"https:\/\/www.imparpower.pt\/novo\/wp-content\/uploads\/2021\/12\/angryimg-2.png 400w, https:\/\/www.imparpower.pt\/novo\/wp-content\/uploads\/2021\/12\/angryimg-2-100x100.png 100w\" sizes=\"(max-width: 150px) 100vw, 150px\" \/>\t\t\t\t\t\t\t\t\t\t\t\t\t\t\t<\/div>\n\t\t\t\t<div class=\"elementor-element elementor-element-8ee950e elementor-invisible elementor-widget elementor-widget-image\" data-id=\"8ee950e\" data-element_type=\"widget\" data-e-type=\"widget\" data-settings=\"{&quot;_animation&quot;:&quot;fadeIn&quot;,&quot;_animation_delay&quot;:300,&quot;ultimate_floating_fx_translate_y&quot;:{&quot;unit&quot;:&quot;px&quot;,&quot;size&quot;:&quot;&quot;,&quot;sizes&quot;:[]}}\" data-widget_type=\"image.default\">\n\t\t\t\t\t\t\t\t\t\t\t\t\t\t\t<img decoding=\"async\" width=\"203\" height=\"204\" src=\"https:\/\/www.imparpower.pt\/novo\/wp-content\/uploads\/2020\/11\/xdlogo.png\" class=\"attachment-medium size-medium wp-image-923\" alt=\"\" srcset=\"https:\/\/www.imparpower.pt\/novo\/wp-content\/uploads\/2020\/11\/xdlogo.png 203w, https:\/\/www.imparpower.pt\/novo\/wp-content\/uploads\/2020\/11\/xdlogo-100x100.png 100w, https:\/\/www.imparpower.pt\/novo\/wp-content\/uploads\/2020\/11\/xdlogo-150x150.png 150w\" sizes=\"(max-width: 203px) 100vw, 203px\" \/>\t\t\t\t\t\t\t\t\t\t\t\t\t\t\t<\/div>\n\t\t\t\t<div class=\"elementor-element elementor-element-c9ccb1b elementor-widget__width-initial elementor-absolute elementor-widget-mobile__width-initial elementor-invisible elementor-widget elementor-widget-image\" data-id=\"c9ccb1b\" data-element_type=\"widget\" data-e-type=\"widget\" data-settings=\"{&quot;_animation&quot;:&quot;zoomIn&quot;,&quot;_animation_delay&quot;:600,&quot;_position&quot;:&quot;absolute&quot;,&quot;ultimate_floating_fx_translate_y&quot;:{&quot;unit&quot;:&quot;px&quot;,&quot;size&quot;:&quot;&quot;,&quot;sizes&quot;:[]}}\" data-widget_type=\"image.default\">\n\t\t\t\t\t\t\t\t\t\t\t\t\t\t\t<img fetchpriority=\"high\" decoding=\"async\" width=\"300\" height=\"300\" src=\"https:\/\/www.imparpower.pt\/novo\/wp-content\/uploads\/2021\/12\/angryimg-2.png\" class=\"attachment-medium size-medium wp-image-3074\" alt=\"\" srcset=\"https:\/\/www.imparpower.pt\/novo\/wp-content\/uploads\/2021\/12\/angryimg-2.png 400w, https:\/\/www.imparpower.pt\/novo\/wp-content\/uploads\/2021\/12\/angryimg-2-100x100.png 100w\" sizes=\"(max-width: 300px) 100vw, 300px\" \/>\t\t\t\t\t\t\t\t\t\t\t\t\t\t\t<\/div>\n\t\t\t\t\t<\/div>\n\t\t<\/div>\n\t\t\t\t<div class=\"elementor-column elementor-col-50 elementor-inner-column elementor-element elementor-element-893f0d9\" data-id=\"893f0d9\" data-element_type=\"column\" data-e-type=\"column\">\n\t\t\t<div class=\"elementor-widget-wrap elementor-element-populated\">\n\t\t\t\t\t\t<div class=\"elementor-element elementor-element-03a9068 elementor-invisible elementor-widget elementor-widget-UltimateAreaTitle\" data-id=\"03a9068\" data-element_type=\"widget\" data-e-type=\"widget\" data-settings=\"{&quot;_animation&quot;:&quot;fadeInUp&quot;,&quot;_animation_delay&quot;:300,&quot;ultimate_floating_fx_translate_y&quot;:{&quot;unit&quot;:&quot;px&quot;,&quot;size&quot;:&quot;&quot;,&quot;sizes&quot;:[]}}\" data-widget_type=\"UltimateAreaTitle.default\">\n\t\t\t\t<div class=\"elementor-widget-container\">\n\t\t\t\t\t<div class=\"area__content\">\t\t\t\r\n\t\t\t\t\r\n\t\t\t\t<div class=\"area__subtitle\">xd<\/div><div class=\"area__title\"><p>Solu\u00e7\u00f5es para Ponto de Venda.<\/p>\n<\/div>\r\n\t\t\t\t<div class=\"area__description\"><ul>\n<li>\n<p style=\"text-align: justify;\">A g\u00eanese do XD est\u00e1 baseada no objetivo de criar a plataforma de tecnologia de ponto de venda mais evolu\u00edda do mercado, aliada a uma interface intuitiva e personaliz\u00e1vel. <\/p>\n<\/div>\r\n\t\t\t\t<\/div>\t\t\t\t<\/div>\n\t\t\t\t<\/div>\n\t\t\t\t\t<\/div>\n\t\t<\/div>\n\t\t\t\t\t<\/div>\n\t\t<\/section>\n\t\t\t\t\t<\/div>\n\t\t<\/div>\n\t\t\t\t\t<\/div>\n\t\t<\/section>\n\t\t\t\t<section class=\"elementor-section elementor-top-section elementor-element elementor-element-7f22fbd elementor-section-boxed elementor-section-height-default elementor-section-height-default\" data-id=\"7f22fbd\" data-element_type=\"section\" data-e-type=\"section\" data-settings=\"{&quot;background_background&quot;:&quot;classic&quot;}\">\n\t\t\t\t\t\t<div class=\"elementor-container elementor-column-gap-default\">\n\t\t\t\t\t<div class=\"elementor-column elementor-col-100 elementor-top-column elementor-element elementor-element-ed33fcb\" data-id=\"ed33fcb\" data-element_type=\"column\" data-e-type=\"column\">\n\t\t\t<div class=\"elementor-widget-wrap elementor-element-populated\">\n\t\t\t\t\t\t<section class=\"elementor-section elementor-inner-section elementor-element elementor-element-dfb2cc9 elementor-section-boxed elementor-section-height-default elementor-section-height-default\" data-id=\"dfb2cc9\" data-element_type=\"section\" data-e-type=\"section\">\n\t\t\t\t\t\t<div class=\"elementor-container elementor-column-gap-default\">\n\t\t\t\t\t<div class=\"elementor-column elementor-col-33 elementor-inner-column elementor-element elementor-element-03a0d06\" data-id=\"03a0d06\" data-element_type=\"column\" data-e-type=\"column\">\n\t\t\t<div class=\"elementor-widget-wrap\">\n\t\t\t\t\t\t\t<\/div>\n\t\t<\/div>\n\t\t\t\t<div class=\"elementor-column elementor-col-33 elementor-inner-column elementor-element elementor-element-4741af3\" data-id=\"4741af3\" data-element_type=\"column\" data-e-type=\"column\">\n\t\t\t<div class=\"elementor-widget-wrap elementor-element-populated\">\n\t\t\t\t\t\t<div class=\"elementor-element elementor-element-e782014 elementor-invisible elementor-widget elementor-widget-UltimateAreaTitle\" data-id=\"e782014\" data-element_type=\"widget\" data-e-type=\"widget\" data-settings=\"{&quot;_animation&quot;:&quot;fadeIn&quot;,&quot;ultimate_floating_fx_translate_y&quot;:{&quot;unit&quot;:&quot;px&quot;,&quot;size&quot;:&quot;&quot;,&quot;sizes&quot;:[]}}\" data-widget_type=\"UltimateAreaTitle.default\">\n\t\t\t\t<div class=\"elementor-widget-container\">\n\t\t\t\t\t<div class=\"area__content\">\t\t\t\r\n\t\t\t\t\r\n\t\t\t\t<div class=\"area__subtitle\">XD<\/div><div class=\"area__title\"><p>Produtos<\/p>\n<\/div>\r\n\t\t\t\t\r\n\t\t\t\t<\/div>\t\t\t\t<\/div>\n\t\t\t\t<\/div>\n\t\t\t\t\t<\/div>\n\t\t<\/div>\n\t\t\t\t<div class=\"elementor-column elementor-col-33 elementor-inner-column elementor-element elementor-element-75d535a\" data-id=\"75d535a\" data-element_type=\"column\" data-e-type=\"column\">\n\t\t\t<div class=\"elementor-widget-wrap\">\n\t\t\t\t\t\t\t<\/div>\n\t\t<\/div>\n\t\t\t\t\t<\/div>\n\t\t<\/section>\n\t\t\t\t<section class=\"elementor-section elementor-inner-section elementor-element elementor-element-9973ba1 elementor-section-content-middle elementor-section-boxed elementor-section-height-default elementor-section-height-default\" data-id=\"9973ba1\" data-element_type=\"section\" data-e-type=\"section\">\n\t\t\t\t\t\t<div class=\"elementor-container elementor-column-gap-default\">\n\t\t\t\t\t<div class=\"elementor-column elementor-col-50 elementor-inner-column elementor-element elementor-element-a6ff309\" data-id=\"a6ff309\" data-element_type=\"column\" data-e-type=\"column\">\n\t\t\t<div class=\"elementor-widget-wrap elementor-element-populated\">\n\t\t\t\t\t\t<div class=\"elementor-element elementor-element-6963a6a elementor-invisible elementor-widget elementor-widget-Ultimate_Box_Widget\" data-id=\"6963a6a\" data-element_type=\"widget\" data-e-type=\"widget\" data-settings=\"{&quot;_animation&quot;:&quot;fadeInRight&quot;,&quot;_animation_delay&quot;:300,&quot;ultimate_floating_fx_translate_y&quot;:{&quot;unit&quot;:&quot;px&quot;,&quot;size&quot;:&quot;&quot;,&quot;sizes&quot;:[]}}\" data-widget_type=\"Ultimate_Box_Widget.default\">\n\t\t\t\t<div class=\"elementor-widget-container\">\n\t\t\t\t\t\r\n\t\t\t\t<div class=\"single__box\">\r\n\t\t\t\t\t\r\n\t\t\t\t\t<div class=\"box__icon \"><i class=\"essential essential-compact-disc-1\"><\/i><\/div>\r\n\t\t\t\t\t<h3 class=\"box__title\">XD DISCO <\/h3>\r\n\t\t\t\t\t<div class=\"box__description\"><p>Imagine uma discoteca de ponta com mais de 5000 clientes a iniciar sess\u00e3o e pagamentos, o XD Disco \u00e9 a solu\u00e7\u00e3o mais fi\u00e1vel para Discotecas e Bares com op\u00e7\u00f5es \u00fanicas e direcionadas que o levar\u00e3o a software l\u00edder da ind\u00fastria.<\/p>\n<\/div>\r\n\t\t\t\t\t\r\n\t\t\t\t<\/div>\r\n\t\t\t\t\t\t\t<\/div>\n\t\t\t\t<\/div>\n\t\t\t\t\t<\/div>\n\t\t<\/div>\n\t\t\t\t<div class=\"elementor-column elementor-col-50 elementor-inner-column elementor-element elementor-element-b4c9c4f elementor-hidden-tablet\" data-id=\"b4c9c4f\" data-element_type=\"column\" data-e-type=\"column\">\n\t\t\t<div class=\"elementor-widget-wrap elementor-element-populated\">\n\t\t\t\t\t\t<div class=\"elementor-element elementor-element-c6fe5a3 elementor-invisible elementor-widget elementor-widget-Ultimate_Box_Widget\" data-id=\"c6fe5a3\" data-element_type=\"widget\" data-e-type=\"widget\" data-settings=\"{&quot;_animation&quot;:&quot;fadeInRight&quot;,&quot;_animation_delay&quot;:600,&quot;ultimate_floating_fx_translate_y&quot;:{&quot;unit&quot;:&quot;px&quot;,&quot;size&quot;:&quot;&quot;,&quot;sizes&quot;:[]}}\" data-widget_type=\"Ultimate_Box_Widget.default\">\n\t\t\t\t<div class=\"elementor-widget-container\">\n\t\t\t\t\t\r\n\t\t\t\t<div class=\"single__box\">\r\n\t\t\t\t\t\r\n\t\t\t\t\t<div class=\"box__icon \"><i class=\"essential essential-clock-1\"><\/i><\/div>\r\n\t\t\t\t\t<h3 class=\"box__title\">XD REST<\/h3>\r\n\t\t\t\t\t<div class=\"box__description\"><p>O mais completo software para a gest\u00e3o de Restaurantes, Caf\u00e9s, Pizzarias e Confeitarias, preparado para as configura\u00e7\u00f5es mais complexas dos estabelecimentos, o XD Rest \u00e9 intuitivo em cadastro e poderoso em Gest\u00e3o.<\/p>\n<\/div>\r\n\t\t\t\t\t\r\n\t\t\t\t<\/div>\r\n\t\t\t\t\t\t\t<\/div>\n\t\t\t\t<\/div>\n\t\t\t\t\t<\/div>\n\t\t<\/div>\n\t\t\t\t\t<\/div>\n\t\t<\/section>\n\t\t\t\t<section class=\"elementor-section elementor-inner-section elementor-element elementor-element-f0c8c30 elementor-section-content-middle elementor-section-boxed elementor-section-height-default elementor-section-height-default\" data-id=\"f0c8c30\" data-element_type=\"section\" data-e-type=\"section\">\n\t\t\t\t\t\t<div class=\"elementor-container elementor-column-gap-default\">\n\t\t\t\t\t<div class=\"elementor-column elementor-col-50 elementor-inner-column elementor-element elementor-element-114eca4\" data-id=\"114eca4\" data-element_type=\"column\" data-e-type=\"column\">\n\t\t\t<div class=\"elementor-widget-wrap elementor-element-populated\">\n\t\t\t\t\t\t<div class=\"elementor-element elementor-element-cb7827b elementor-invisible elementor-widget elementor-widget-Ultimate_Box_Widget\" data-id=\"cb7827b\" data-element_type=\"widget\" data-e-type=\"widget\" data-settings=\"{&quot;_animation&quot;:&quot;fadeInRight&quot;,&quot;_animation_delay&quot;:900,&quot;ultimate_floating_fx_translate_y&quot;:{&quot;unit&quot;:&quot;px&quot;,&quot;size&quot;:&quot;&quot;,&quot;sizes&quot;:[]}}\" data-widget_type=\"Ultimate_Box_Widget.default\">\n\t\t\t\t<div class=\"elementor-widget-container\">\n\t\t\t\t\t\r\n\t\t\t\t<div class=\"single__box\">\r\n\t\t\t\t\t\r\n\t\t\t\t\t<div class=\"box__icon \"><i class=\"essential essential-home-2\"><\/i><\/div>\r\n\t\t\t\t\t<h3 class=\"box__title\">XD RETALHO<\/h3>\r\n\t\t\t\t\t<div class=\"box__description\"><p>O software mais simples e intuitivo para o Retalho, desde o pequeno com\u00e9rcio at\u00e9 uma rede de lojas, o XD Retail se adapta \u00e0s necessidades do seu neg\u00f3cio. Contemplando a gest\u00e3o padr\u00e3o da loja, possui m\u00f3dulos para setores espec\u00edficos como Supermercados, Postos de Combust\u00edveis ou Lavanderias.<\/p>\n<\/div>\r\n\t\t\t\t\t\r\n\t\t\t\t<\/div>\r\n\t\t\t\t\t\t\t<\/div>\n\t\t\t\t<\/div>\n\t\t\t\t\t<\/div>\n\t\t<\/div>\n\t\t\t\t<div class=\"elementor-column elementor-col-50 elementor-inner-column elementor-element elementor-element-c38d063\" data-id=\"c38d063\" data-element_type=\"column\" data-e-type=\"column\">\n\t\t\t<div class=\"elementor-widget-wrap elementor-element-populated\">\n\t\t\t\t\t\t<div class=\"elementor-element elementor-element-1371463 elementor-invisible elementor-widget elementor-widget-Ultimate_Box_Widget\" data-id=\"1371463\" data-element_type=\"widget\" data-e-type=\"widget\" data-settings=\"{&quot;_animation&quot;:&quot;fadeInRight&quot;,&quot;_animation_delay&quot;:900,&quot;ultimate_floating_fx_translate_y&quot;:{&quot;unit&quot;:&quot;px&quot;,&quot;size&quot;:&quot;&quot;,&quot;sizes&quot;:[]}}\" data-widget_type=\"Ultimate_Box_Widget.default\">\n\t\t\t\t<div class=\"elementor-widget-container\">\n\t\t\t\t\t\r\n\t\t\t\t<div class=\"single__box\">\r\n\t\t\t\t\t\r\n\t\t\t\t\t<div class=\"box__icon \"><i class=\"essential essential-house\"><\/i><\/div>\r\n\t\t\t\t\t<h3 class=\"box__title\">XD SPA<\/h3>\r\n\t\t\t\t\t<div class=\"box__description\"><p>O XD SPA foi especialmente desenvolvido para as necessidades de sal\u00f5es de beleza e SPA. Uma vers\u00e3o completa de baixo custo com recursos indispens\u00e1veis para a gest\u00e3o do seu neg\u00f3cio. Organize sua agenda, tenha mais flexibilidade no atendimento e personalize as salas do seu espa\u00e7o em modo real.<\/p>\n<\/div>\r\n\t\t\t\t\t\r\n\t\t\t\t<\/div>\r\n\t\t\t\t\t\t\t<\/div>\n\t\t\t\t<\/div>\n\t\t\t\t\t<\/div>\n\t\t<\/div>\n\t\t\t\t\t<\/div>\n\t\t<\/section>\n\t\t\t\t\t<\/div>\n\t\t<\/div>\n\t\t\t\t\t<\/div>\n\t\t<\/section>\n\t\t\t\t<section class=\"elementor-section elementor-top-section elementor-element elementor-element-9af7430 elementor-section-boxed elementor-section-height-default elementor-section-height-default\" data-id=\"9af7430\" data-element_type=\"section\" data-e-type=\"section\" data-settings=\"{&quot;background_background&quot;:&quot;gradient&quot;}\">\n\t\t\t\t\t\t<div class=\"elementor-container elementor-column-gap-default\">\n\t\t\t\t\t<div class=\"elementor-column elementor-col-100 elementor-top-column elementor-element elementor-element-3af8b62\" data-id=\"3af8b62\" data-element_type=\"column\" data-e-type=\"column\">\n\t\t\t<div class=\"elementor-widget-wrap elementor-element-populated\">\n\t\t\t\t\t\t<section class=\"elementor-section elementor-inner-section elementor-element elementor-element-c2be52c elementor-section-content-middle elementor-section-boxed elementor-section-height-default elementor-section-height-default\" data-id=\"c2be52c\" data-element_type=\"section\" data-e-type=\"section\" data-settings=\"{&quot;background_background&quot;:&quot;classic&quot;}\">\n\t\t\t\t\t\t\t<div class=\"elementor-background-overlay\"><\/div>\n\t\t\t\t\t\t\t<div class=\"elementor-container elementor-column-gap-default\">\n\t\t\t\t\t<div class=\"elementor-column elementor-col-50 elementor-inner-column elementor-element elementor-element-bb1b528\" data-id=\"bb1b528\" data-element_type=\"column\" data-e-type=\"column\">\n\t\t\t<div class=\"elementor-widget-wrap elementor-element-populated\">\n\t\t\t\t\t\t<div class=\"elementor-element elementor-element-3185c49 elementor-widget__width-initial elementor-invisible elementor-widget elementor-widget-Ultimate_Info_Box_Widget\" data-id=\"3185c49\" data-element_type=\"widget\" data-e-type=\"widget\" data-settings=\"{&quot;_animation&quot;:&quot;fadeInUp&quot;,&quot;_animation_delay&quot;:400,&quot;ultimate_floating_fx_translate_y&quot;:{&quot;unit&quot;:&quot;px&quot;,&quot;size&quot;:&quot;&quot;,&quot;sizes&quot;:[]}}\" data-widget_type=\"Ultimate_Info_Box_Widget.default\">\n\t\t\t\t<div class=\"elementor-widget-container\">\n\t\t\t\t\t            <div class=\"ultimate__info__box__wrap ultimate__infobox__style__2\" >\r\n\r\n                                                    <div class = \"info__box__list\">\r\n                                                                                <div class=\"single__info__box elementor-repeater-item-282f097\">\r\n\r\n                                                                    <div class=\"info__box__icon\">\r\n                                        <i class=\"fa fa-phone\"><\/i>                                    <\/div>\r\n                                                                                                                                            <div class=\"info__title\">Telefone:<\/div>\r\n                                                                                                                <div class=\"info__details\"><p><span style=\"color: #ffffff;\"><a style=\"color: #ffffff;\" href=\"tel:253047992\">+351 253 047 992<\/a><\/span><\/p>\n<\/div>\r\n                                                                                                <\/div>\r\n                                            <\/div>\r\n                            <\/div>\r\n        \t\t\t\t<\/div>\n\t\t\t\t<\/div>\n\t\t\t\t\t<\/div>\n\t\t<\/div>\n\t\t\t\t<div class=\"elementor-column elementor-col-50 elementor-inner-column elementor-element elementor-element-fc1ecce\" data-id=\"fc1ecce\" data-element_type=\"column\" data-e-type=\"column\">\n\t\t\t<div class=\"elementor-widget-wrap elementor-element-populated\">\n\t\t\t\t\t\t<div class=\"elementor-element elementor-element-710d737 elementor-invisible elementor-widget elementor-widget-Ultimate_Info_Box_Widget\" data-id=\"710d737\" data-element_type=\"widget\" data-e-type=\"widget\" data-settings=\"{&quot;_animation&quot;:&quot;fadeInUp&quot;,&quot;_animation_delay&quot;:500,&quot;ultimate_floating_fx_translate_y&quot;:{&quot;unit&quot;:&quot;px&quot;,&quot;size&quot;:&quot;&quot;,&quot;sizes&quot;:[]}}\" data-widget_type=\"Ultimate_Info_Box_Widget.default\">\n\t\t\t\t<div class=\"elementor-widget-container\">\n\t\t\t\t\t            <div class=\"ultimate__info__box__wrap ultimate__infobox__style__3\" >\r\n\r\n                                                    <div class = \"info__box__list\">\r\n                                                                                <div class=\"single__info__box elementor-repeater-item-bb5d642\">\r\n\r\n                                                                    <div class=\"info__box__icon\">\r\n                                        <i class=\"fas fa-envelope\"><\/i>                                    <\/div>\r\n                                                                                                                                            <div class=\"info__title\">EMAIL:<\/div>\r\n                                                                                                                <div class=\"info__details\"><p><span style=\"color: #ffffff;\"><a style=\"color: #ffffff;\" href=\"mailto:geral@imparpower.pt\">geral@imparpower.pt<\/a><\/span><\/p>\n<\/div>\r\n                                                                                                <\/div>\r\n                                            <\/div>\r\n                            <\/div>\r\n        \t\t\t\t<\/div>\n\t\t\t\t<\/div>\n\t\t\t\t\t<\/div>\n\t\t<\/div>\n\t\t\t\t\t<\/div>\n\t\t<\/section>\n\t\t\t\t\t<\/div>\n\t\t<\/div>\n\t\t\t\t\t<\/div>\n\t\t<\/section>\n\t\t\t\t<\/div>\n\t\t","protected":false},"excerpt":{"rendered":"<p>xd Solu\u00e7\u00f5es para Ponto de Venda. A g\u00eanese do XD est\u00e1 baseada no objetivo de criar a plataforma de tecnologia [&hellip;]<\/p>\n","protected":false},"author":2,"featured_media":923,"parent":0,"menu_order":0,"comment_status":"closed","ping_status":"closed","template":"template\/composer.php","meta":{"footnotes":""},"tags":[100,236,66],"class_list":["post-4943","page","type-page","status-publish","has-post-thumbnail","hentry","tag-software","tag-software-gestao","tag-xd"],"aioseo_notices":[],"_links":{"self":[{"href":"https:\/\/www.imparpower.pt\/novo\/wp-json\/wp\/v2\/pages\/4943","targetHints":{"allow":["GET"]}}],"collection":[{"href":"https:\/\/www.imparpower.pt\/novo\/wp-json\/wp\/v2\/pages"}],"about":[{"href":"https:\/\/www.imparpower.pt\/novo\/wp-json\/wp\/v2\/types\/page"}],"author":[{"embeddable":true,"href":"https:\/\/www.imparpower.pt\/novo\/wp-json\/wp\/v2\/users\/2"}],"replies":[{"embeddable":true,"href":"https:\/\/www.imparpower.pt\/novo\/wp-json\/wp\/v2\/comments?post=4943"}],"version-history":[{"count":32,"href":"https:\/\/www.imparpower.pt\/novo\/wp-json\/wp\/v2\/pages\/4943\/revisions"}],"predecessor-version":[{"id":5904,"href":"https:\/\/www.imparpower.pt\/novo\/wp-json\/wp\/v2\/pages\/4943\/revisions\/5904"}],"wp:featuredmedia":[{"embeddable":true,"href":"https:\/\/www.imparpower.pt\/novo\/wp-json\/wp\/v2\/media\/923"}],"wp:attachment":[{"href":"https:\/\/www.imparpower.pt\/novo\/wp-json\/wp\/v2\/media?parent=4943"}],"wp:term":[{"taxonomy":"post_tag","embeddable":true,"href":"https:\/\/www.imparpower.pt\/novo\/wp-json\/wp\/v2\/tags?post=4943"}],"curies":[{"name":"wp","href":"https:\/\/api.w.org\/{rel}","templated":true}]}}