{"id":5106,"date":"2023-05-30T16:02:36","date_gmt":"2023-05-30T16:02:36","guid":{"rendered":"https:\/\/www.imparpower.pt\/novo\/?page_id=5106"},"modified":"2025-12-19T12:42:57","modified_gmt":"2025-12-19T12:42:57","slug":"isl-online","status":"publish","type":"page","link":"https:\/\/www.imparpower.pt\/novo\/isl-online\/","title":{"rendered":"Isl Online"},"content":{"rendered":"\t\t<div data-elementor-type=\"wp-page\" data-elementor-id=\"5106\" class=\"elementor elementor-5106\">\n\t\t\t\t\t\t<section class=\"elementor-section elementor-top-section elementor-element elementor-element-5219c18 elementor-section-boxed elementor-section-height-default elementor-section-height-default\" data-id=\"5219c18\" data-element_type=\"section\" data-e-type=\"section\" data-settings=\"{&quot;background_background&quot;:&quot;classic&quot;}\">\n\t\t\t\t\t\t<div class=\"elementor-container elementor-column-gap-default\">\n\t\t\t\t\t<div class=\"elementor-column elementor-col-100 elementor-top-column elementor-element elementor-element-106bba4\" data-id=\"106bba4\" data-element_type=\"column\" data-e-type=\"column\">\n\t\t\t<div class=\"elementor-widget-wrap elementor-element-populated\">\n\t\t\t\t\t\t<div class=\"elementor-element elementor-element-7d1df46 elementor-widget elementor-widget-html\" data-id=\"7d1df46\" data-element_type=\"widget\" data-e-type=\"widget\" data-settings=\"{&quot;ultimate_floating_fx_translate_y&quot;:{&quot;unit&quot;:&quot;px&quot;,&quot;size&quot;:&quot;&quot;,&quot;sizes&quot;:[]}}\" data-widget_type=\"html.default\">\n\t\t\t\t\t<!-- Google tag (gtag.js) -->\r\n<script async src=\"https:\/\/www.googletagmanager.com\/gtag\/js?id=G-37XP1N99E7\"><\/script>\r\n<script>\r\n  window.dataLayer = window.dataLayer || [];\r\n  function gtag(){dataLayer.push(arguments);}\r\n  gtag('js', new Date());\r\n\r\n  gtag('config', 'G-37XP1N99E7');\r\n<\/script>\t\t\t\t<\/div>\n\t\t\t\t<section class=\"elementor-section elementor-inner-section elementor-element elementor-element-7d94a47 elementor-section-content-middle elementor-section-boxed elementor-section-height-default elementor-section-height-default\" data-id=\"7d94a47\" data-element_type=\"section\" data-e-type=\"section\">\n\t\t\t\t\t\t<div class=\"elementor-container elementor-column-gap-default\">\n\t\t\t\t\t<div class=\"elementor-column elementor-col-50 elementor-inner-column elementor-element elementor-element-182c60e\" data-id=\"182c60e\" data-element_type=\"column\" data-e-type=\"column\">\n\t\t\t<div class=\"elementor-widget-wrap elementor-element-populated\">\n\t\t\t\t\t\t<div class=\"elementor-element elementor-element-9e8a005 elementor-widget__width-initial elementor-absolute elementor-widget-mobile__width-initial elementor-invisible elementor-widget elementor-widget-image\" data-id=\"9e8a005\" data-element_type=\"widget\" data-e-type=\"widget\" data-settings=\"{&quot;_animation&quot;:&quot;zoomIn&quot;,&quot;_animation_delay&quot;:900,&quot;_position&quot;:&quot;absolute&quot;,&quot;ultimate_floating_fx_translate_y&quot;:{&quot;unit&quot;:&quot;px&quot;,&quot;size&quot;:&quot;&quot;,&quot;sizes&quot;:[]}}\" data-widget_type=\"image.default\">\n\t\t\t\t\t\t\t\t\t\t\t\t\t\t\t<img decoding=\"async\" width=\"150\" height=\"150\" src=\"https:\/\/www.imparpower.pt\/novo\/wp-content\/uploads\/2021\/12\/angryimg-2.png\" class=\"attachment-thumbnail size-thumbnail wp-image-3074\" alt=\"\" srcset=\"https:\/\/www.imparpower.pt\/novo\/wp-content\/uploads\/2021\/12\/angryimg-2.png 400w, https:\/\/www.imparpower.pt\/novo\/wp-content\/uploads\/2021\/12\/angryimg-2-100x100.png 100w\" sizes=\"(max-width: 150px) 100vw, 150px\" \/>\t\t\t\t\t\t\t\t\t\t\t\t\t\t\t<\/div>\n\t\t\t\t<div class=\"elementor-element elementor-element-8ee950e elementor-invisible elementor-widget elementor-widget-image\" data-id=\"8ee950e\" data-element_type=\"widget\" data-e-type=\"widget\" data-settings=\"{&quot;_animation&quot;:&quot;fadeIn&quot;,&quot;_animation_delay&quot;:300,&quot;ultimate_floating_fx_translate_y&quot;:{&quot;unit&quot;:&quot;px&quot;,&quot;size&quot;:&quot;&quot;,&quot;sizes&quot;:[]}}\" data-widget_type=\"image.default\">\n\t\t\t\t\t\t\t\t\t\t\t\t\t\t\t<img decoding=\"async\" width=\"202\" height=\"202\" src=\"https:\/\/www.imparpower.pt\/novo\/wp-content\/uploads\/2020\/11\/logoislonlinefinal.png\" class=\"attachment-full size-full wp-image-930\" alt=\"\" srcset=\"https:\/\/www.imparpower.pt\/novo\/wp-content\/uploads\/2020\/11\/logoislonlinefinal.png 202w, https:\/\/www.imparpower.pt\/novo\/wp-content\/uploads\/2020\/11\/logoislonlinefinal-100x100.png 100w, https:\/\/www.imparpower.pt\/novo\/wp-content\/uploads\/2020\/11\/logoislonlinefinal-150x150.png 150w\" sizes=\"(max-width: 202px) 100vw, 202px\" \/>\t\t\t\t\t\t\t\t\t\t\t\t\t\t\t<\/div>\n\t\t\t\t<div class=\"elementor-element elementor-element-c9ccb1b elementor-widget__width-initial elementor-absolute elementor-widget-mobile__width-initial elementor-invisible elementor-widget elementor-widget-image\" data-id=\"c9ccb1b\" data-element_type=\"widget\" data-e-type=\"widget\" data-settings=\"{&quot;_animation&quot;:&quot;zoomIn&quot;,&quot;_animation_delay&quot;:600,&quot;_position&quot;:&quot;absolute&quot;,&quot;ultimate_floating_fx_translate_y&quot;:{&quot;unit&quot;:&quot;px&quot;,&quot;size&quot;:&quot;&quot;,&quot;sizes&quot;:[]}}\" data-widget_type=\"image.default\">\n\t\t\t\t\t\t\t\t\t\t\t\t\t\t\t<img fetchpriority=\"high\" decoding=\"async\" width=\"300\" height=\"300\" src=\"https:\/\/www.imparpower.pt\/novo\/wp-content\/uploads\/2021\/12\/angryimg-2.png\" class=\"attachment-medium size-medium wp-image-3074\" alt=\"\" srcset=\"https:\/\/www.imparpower.pt\/novo\/wp-content\/uploads\/2021\/12\/angryimg-2.png 400w, https:\/\/www.imparpower.pt\/novo\/wp-content\/uploads\/2021\/12\/angryimg-2-100x100.png 100w\" sizes=\"(max-width: 300px) 100vw, 300px\" \/>\t\t\t\t\t\t\t\t\t\t\t\t\t\t\t<\/div>\n\t\t\t\t\t<\/div>\n\t\t<\/div>\n\t\t\t\t<div class=\"elementor-column elementor-col-50 elementor-inner-column elementor-element elementor-element-893f0d9\" data-id=\"893f0d9\" data-element_type=\"column\" data-e-type=\"column\">\n\t\t\t<div class=\"elementor-widget-wrap elementor-element-populated\">\n\t\t\t\t\t\t<div class=\"elementor-element elementor-element-03a9068 elementor-invisible elementor-widget elementor-widget-UltimateAreaTitle\" data-id=\"03a9068\" data-element_type=\"widget\" data-e-type=\"widget\" data-settings=\"{&quot;_animation&quot;:&quot;fadeInUp&quot;,&quot;_animation_delay&quot;:300,&quot;ultimate_floating_fx_translate_y&quot;:{&quot;unit&quot;:&quot;px&quot;,&quot;size&quot;:&quot;&quot;,&quot;sizes&quot;:[]}}\" data-widget_type=\"UltimateAreaTitle.default\">\n\t\t\t\t<div class=\"elementor-widget-container\">\n\t\t\t\t\t<div class=\"area__content\">\t\t\t\r\n\t\t\t\t\r\n\t\t\t\t<div class=\"area__subtitle\">Isl Online<\/div><div class=\"area__title\"><p>Suporte. Acesso. Trabalho.<\/p>\n<\/div>\r\n\t\t\t\t<div class=\"area__description\"><p style=\"text-align: justify;\">Controle remotamente computadores ou dispositivos m\u00f3veis. Aceda a computadores remotos para fornecer suporte t\u00e9cnico aos seus clientes ou para trabalhar a partir de casa. O Software de Desktop Remoto Mais Confi\u00e1vel.<\/p>\n<p style=\"text-align: justify;\">O ISL Light \u00e9 uma aplica\u00e7\u00e3o de desktop remoto segura e confi\u00e1vel que lhe permite oferecer suporte aos seus clientes ou aceder a computadores diretamente. \u00c9 acess\u00edvel e simplesmente funciona !<\/p>\n<\/div>\r\n\t\t\t\t<\/div>\t\t\t\t<\/div>\n\t\t\t\t<\/div>\n\t\t\t\t\t<\/div>\n\t\t<\/div>\n\t\t\t\t\t<\/div>\n\t\t<\/section>\n\t\t\t\t\t<\/div>\n\t\t<\/div>\n\t\t\t\t\t<\/div>\n\t\t<\/section>\n\t\t\t\t<section class=\"elementor-section elementor-top-section elementor-element elementor-element-a10a6b7 elementor-section-boxed elementor-section-height-default elementor-section-height-default\" data-id=\"a10a6b7\" data-element_type=\"section\" data-e-type=\"section\" data-settings=\"{&quot;background_background&quot;:&quot;classic&quot;}\">\n\t\t\t\t\t\t<div class=\"elementor-container elementor-column-gap-default\">\n\t\t\t\t\t<div class=\"elementor-column elementor-col-100 elementor-top-column elementor-element elementor-element-2b42649\" data-id=\"2b42649\" data-element_type=\"column\" data-e-type=\"column\">\n\t\t\t<div class=\"elementor-widget-wrap elementor-element-populated\">\n\t\t\t\t\t\t<section class=\"elementor-section elementor-inner-section elementor-element elementor-element-3626d77 elementor-section-boxed elementor-section-height-default elementor-section-height-default\" data-id=\"3626d77\" data-element_type=\"section\" data-e-type=\"section\" data-settings=\"{&quot;background_background&quot;:&quot;classic&quot;}\">\n\t\t\t\t\t\t<div class=\"elementor-container elementor-column-gap-default\">\n\t\t\t\t\t<div class=\"elementor-column elementor-col-33 elementor-inner-column elementor-element elementor-element-f060d1d\" data-id=\"f060d1d\" data-element_type=\"column\" data-e-type=\"column\">\n\t\t\t<div class=\"elementor-widget-wrap\">\n\t\t\t\t\t\t\t<\/div>\n\t\t<\/div>\n\t\t\t\t<div class=\"elementor-column elementor-col-33 elementor-inner-column elementor-element elementor-element-205f21c\" data-id=\"205f21c\" data-element_type=\"column\" data-e-type=\"column\">\n\t\t\t<div class=\"elementor-widget-wrap elementor-element-populated\">\n\t\t\t\t\t\t<div class=\"elementor-element elementor-element-8cf6d4b elementor-invisible elementor-widget elementor-widget-UltimateAreaTitle\" data-id=\"8cf6d4b\" data-element_type=\"widget\" data-e-type=\"widget\" data-settings=\"{&quot;_animation&quot;:&quot;fadeIn&quot;,&quot;ultimate_floating_fx_translate_y&quot;:{&quot;unit&quot;:&quot;px&quot;,&quot;size&quot;:&quot;&quot;,&quot;sizes&quot;:[]}}\" data-widget_type=\"UltimateAreaTitle.default\">\n\t\t\t\t<div class=\"elementor-widget-container\">\n\t\t\t\t\t<div class=\"area__content\">\t\t\t\r\n\t\t\t\t\r\n\t\t\t\t<div class=\"area__subtitle\">isl online<\/div><div class=\"area__title\"><p>O Software De Desktop Remoto<\/p>\n<\/div>\r\n\t\t\t\t<div class=\"area__description\"><p>O ISL Light inspira com a sua facilidade de uso e com a riqueza dos seus recursos. D\u00e1-lhe a confian\u00e7a para se concentrar no que faz de melhor - oferecer suporte remoto eficiente e confi\u00e1vel aos seus clientes.<\/p>\n<\/div>\r\n\t\t\t\t<\/div>\t\t\t\t<\/div>\n\t\t\t\t<\/div>\n\t\t\t\t\t<\/div>\n\t\t<\/div>\n\t\t\t\t<div class=\"elementor-column elementor-col-33 elementor-inner-column elementor-element elementor-element-4b4d71c\" data-id=\"4b4d71c\" data-element_type=\"column\" data-e-type=\"column\">\n\t\t\t<div class=\"elementor-widget-wrap\">\n\t\t\t\t\t\t\t<\/div>\n\t\t<\/div>\n\t\t\t\t\t<\/div>\n\t\t<\/section>\n\t\t\t\t\t<\/div>\n\t\t<\/div>\n\t\t\t\t\t<\/div>\n\t\t<\/section>\n\t\t\t\t<section class=\"elementor-section elementor-top-section elementor-element elementor-element-a5ecb61 elementor-section-boxed elementor-section-height-default elementor-section-height-default\" data-id=\"a5ecb61\" data-element_type=\"section\" data-e-type=\"section\">\n\t\t\t\t\t\t<div class=\"elementor-container elementor-column-gap-default\">\n\t\t\t\t\t<div class=\"elementor-column elementor-col-100 elementor-top-column elementor-element elementor-element-808ae63\" data-id=\"808ae63\" data-element_type=\"column\" data-e-type=\"column\">\n\t\t\t<div class=\"elementor-widget-wrap elementor-element-populated\">\n\t\t\t\t\t\t<div class=\"elementor-element elementor-element-3ec9bc3 elementor-widget elementor-widget-video\" data-id=\"3ec9bc3\" data-element_type=\"widget\" data-e-type=\"widget\" data-settings=\"{&quot;video_type&quot;:&quot;hosted&quot;,&quot;start&quot;:1,&quot;controls&quot;:&quot;yes&quot;,&quot;ultimate_floating_fx_translate_y&quot;:{&quot;unit&quot;:&quot;px&quot;,&quot;size&quot;:&quot;&quot;,&quot;sizes&quot;:[]}}\" data-widget_type=\"video.default\">\n\t\t\t\t\t\t\t<div class=\"e-hosted-video elementor-wrapper elementor-open-inline\">\n\t\t\t\t\t<video class=\"elementor-video\" src=\"https:\/\/www.imparpower.pt\/novo\/ISL-ONLINE_Remoto.mp4#t=1\" controls=\"\" preload=\"metadata\" controlsList=\"nodownload\"><\/video>\n\t\t\t\t<\/div>\n\t\t\t\t\t\t<\/div>\n\t\t\t\t<div class=\"elementor-element elementor-element-91f193c elementor-widget elementor-widget-UltimateAreaTitle\" data-id=\"91f193c\" data-element_type=\"widget\" data-e-type=\"widget\" data-settings=\"{&quot;ultimate_floating_fx_translate_y&quot;:{&quot;unit&quot;:&quot;px&quot;,&quot;size&quot;:&quot;&quot;,&quot;sizes&quot;:[]}}\" data-widget_type=\"UltimateAreaTitle.default\">\n\t\t\t\t<div class=\"elementor-widget-container\">\n\t\t\t\t\t<div class=\"area__content\">\t\t\t\r\n\t\t\t\t\r\n\t\t\t\t<h3 class=\"area__title\"><h2>Gr\u00e1tis por 15\u00a0Dias<\/h2>\n<p><span style=\"color: #000000;\">Todos os recursos inclu\u00eddos.\u00a0N\u00e3o s\u00e3o precisos cart\u00f5es de cr\u00e9dito.<\/span><\/p>\n<\/h3>\r\n\t\t\t\t\r\n\t\t\t\t<\/div>\t\t\t\t<\/div>\n\t\t\t\t<\/div>\n\t\t\t\t<div class=\"elementor-element elementor-element-45af653 elementor-invisible elementor-widget elementor-widget-Ultimate_Dual_Button\" data-id=\"45af653\" data-element_type=\"widget\" data-e-type=\"widget\" data-settings=\"{&quot;_animation_delay&quot;:500,&quot;_animation&quot;:&quot;fadeInUp&quot;,&quot;ultimate_floating_fx_translate_y&quot;:{&quot;unit&quot;:&quot;px&quot;,&quot;size&quot;:&quot;&quot;,&quot;sizes&quot;:[]}}\" data-widget_type=\"Ultimate_Dual_Button.default\">\n\t\t\t\t<div class=\"elementor-widget-container\">\n\t\t\t\t\t<div class=\"ultimate__dual__button btn__layout__1\"><a class=\"ultimate__btn btn__texteffect__1 elementor-repeater-item-483a592\" href=\"https:\/\/www.islonline.com\/signup?rid=447465\"><div class=\"button__title\">Registar Agora<\/div><\/a><\/div>\t\t\t\t<\/div>\n\t\t\t\t<\/div>\n\t\t\t\t\t<\/div>\n\t\t<\/div>\n\t\t\t\t\t<\/div>\n\t\t<\/section>\n\t\t\t\t<section class=\"elementor-section elementor-top-section elementor-element elementor-element-9af7430 elementor-section-boxed elementor-section-height-default elementor-section-height-default\" data-id=\"9af7430\" data-element_type=\"section\" data-e-type=\"section\" data-settings=\"{&quot;background_background&quot;:&quot;gradient&quot;}\">\n\t\t\t\t\t\t<div class=\"elementor-container elementor-column-gap-default\">\n\t\t\t\t\t<div class=\"elementor-column elementor-col-100 elementor-top-column elementor-element elementor-element-3af8b62\" data-id=\"3af8b62\" data-element_type=\"column\" data-e-type=\"column\">\n\t\t\t<div class=\"elementor-widget-wrap elementor-element-populated\">\n\t\t\t\t\t\t<section class=\"elementor-section elementor-inner-section elementor-element elementor-element-c2be52c elementor-section-content-middle elementor-section-boxed elementor-section-height-default elementor-section-height-default\" data-id=\"c2be52c\" data-element_type=\"section\" data-e-type=\"section\" data-settings=\"{&quot;background_background&quot;:&quot;classic&quot;}\">\n\t\t\t\t\t\t\t<div class=\"elementor-background-overlay\"><\/div>\n\t\t\t\t\t\t\t<div class=\"elementor-container elementor-column-gap-default\">\n\t\t\t\t\t<div class=\"elementor-column elementor-col-50 elementor-inner-column elementor-element elementor-element-bb1b528\" data-id=\"bb1b528\" data-element_type=\"column\" data-e-type=\"column\">\n\t\t\t<div class=\"elementor-widget-wrap elementor-element-populated\">\n\t\t\t\t\t\t<div class=\"elementor-element elementor-element-3185c49 elementor-widget__width-initial elementor-invisible elementor-widget elementor-widget-Ultimate_Info_Box_Widget\" data-id=\"3185c49\" data-element_type=\"widget\" data-e-type=\"widget\" data-settings=\"{&quot;_animation&quot;:&quot;fadeInUp&quot;,&quot;_animation_delay&quot;:400,&quot;ultimate_floating_fx_translate_y&quot;:{&quot;unit&quot;:&quot;px&quot;,&quot;size&quot;:&quot;&quot;,&quot;sizes&quot;:[]}}\" data-widget_type=\"Ultimate_Info_Box_Widget.default\">\n\t\t\t\t<div class=\"elementor-widget-container\">\n\t\t\t\t\t            <div class=\"ultimate__info__box__wrap ultimate__infobox__style__2\" >\r\n\r\n                                                    <div class = \"info__box__list\">\r\n                                                                                <div class=\"single__info__box elementor-repeater-item-282f097\">\r\n\r\n                                                                    <div class=\"info__box__icon\">\r\n                                        <i class=\"fa fa-phone\"><\/i>                                    <\/div>\r\n                                                                                                                                            <div class=\"info__title\">Telefone:<\/div>\r\n                                                                                                                <div class=\"info__details\"><p><span style=\"color: #ffffff;\"><a style=\"color: #ffffff;\" href=\"tel:253047992\">+351 253 047 992<\/a><\/span><\/p>\n<\/div>\r\n                                                                                                <\/div>\r\n                                            <\/div>\r\n                            <\/div>\r\n        \t\t\t\t<\/div>\n\t\t\t\t<\/div>\n\t\t\t\t\t<\/div>\n\t\t<\/div>\n\t\t\t\t<div class=\"elementor-column elementor-col-50 elementor-inner-column elementor-element elementor-element-fc1ecce\" data-id=\"fc1ecce\" data-element_type=\"column\" data-e-type=\"column\">\n\t\t\t<div class=\"elementor-widget-wrap elementor-element-populated\">\n\t\t\t\t\t\t<div class=\"elementor-element elementor-element-710d737 elementor-invisible elementor-widget elementor-widget-Ultimate_Info_Box_Widget\" data-id=\"710d737\" data-element_type=\"widget\" data-e-type=\"widget\" data-settings=\"{&quot;_animation&quot;:&quot;fadeInUp&quot;,&quot;_animation_delay&quot;:500,&quot;ultimate_floating_fx_translate_y&quot;:{&quot;unit&quot;:&quot;px&quot;,&quot;size&quot;:&quot;&quot;,&quot;sizes&quot;:[]}}\" data-widget_type=\"Ultimate_Info_Box_Widget.default\">\n\t\t\t\t<div class=\"elementor-widget-container\">\n\t\t\t\t\t            <div class=\"ultimate__info__box__wrap ultimate__infobox__style__3\" >\r\n\r\n                                                    <div class = \"info__box__list\">\r\n                                                                                <div class=\"single__info__box elementor-repeater-item-bb5d642\">\r\n\r\n                                                                    <div class=\"info__box__icon\">\r\n                                        <i class=\"fas fa-envelope\"><\/i>                                    <\/div>\r\n                                                                                                                                            <div class=\"info__title\">EMAIL:<\/div>\r\n                                                                                                                <div class=\"info__details\"><p><span style=\"color: #ffffff;\"><a style=\"color: #ffffff;\" href=\"mailto:geral@imparpower.pt\">geral@imparpower.pt<\/a><\/span><\/p>\n<\/div>\r\n                                                                                                <\/div>\r\n                                            <\/div>\r\n                            <\/div>\r\n        \t\t\t\t<\/div>\n\t\t\t\t<\/div>\n\t\t\t\t\t<\/div>\n\t\t<\/div>\n\t\t\t\t\t<\/div>\n\t\t<\/section>\n\t\t\t\t\t<\/div>\n\t\t<\/div>\n\t\t\t\t\t<\/div>\n\t\t<\/section>\n\t\t\t\t<\/div>\n\t\t","protected":false},"excerpt":{"rendered":"<p>Isl Online Suporte. Acesso. Trabalho. Controle remotamente computadores ou dispositivos m\u00f3veis. Aceda a computadores remotos para fornecer suporte t\u00e9cnico aos [&hellip;]<\/p>\n","protected":false},"author":2,"featured_media":930,"parent":0,"menu_order":0,"comment_status":"closed","ping_status":"closed","template":"template\/composer.php","meta":{"footnotes":""},"tags":[22,23],"class_list":["post-5106","page","type-page","status-publish","has-post-thumbnail","hentry","tag-isl-online","tag-suporte-remoto"],"aioseo_notices":[],"_links":{"self":[{"href":"https:\/\/www.imparpower.pt\/novo\/wp-json\/wp\/v2\/pages\/5106","targetHints":{"allow":["GET"]}}],"collection":[{"href":"https:\/\/www.imparpower.pt\/novo\/wp-json\/wp\/v2\/pages"}],"about":[{"href":"https:\/\/www.imparpower.pt\/novo\/wp-json\/wp\/v2\/types\/page"}],"author":[{"embeddable":true,"href":"https:\/\/www.imparpower.pt\/novo\/wp-json\/wp\/v2\/users\/2"}],"replies":[{"embeddable":true,"href":"https:\/\/www.imparpower.pt\/novo\/wp-json\/wp\/v2\/comments?post=5106"}],"version-history":[{"count":36,"href":"https:\/\/www.imparpower.pt\/novo\/wp-json\/wp\/v2\/pages\/5106\/revisions"}],"predecessor-version":[{"id":5871,"href":"https:\/\/www.imparpower.pt\/novo\/wp-json\/wp\/v2\/pages\/5106\/revisions\/5871"}],"wp:featuredmedia":[{"embeddable":true,"href":"https:\/\/www.imparpower.pt\/novo\/wp-json\/wp\/v2\/media\/930"}],"wp:attachment":[{"href":"https:\/\/www.imparpower.pt\/novo\/wp-json\/wp\/v2\/media?parent=5106"}],"wp:term":[{"taxonomy":"post_tag","embeddable":true,"href":"https:\/\/www.imparpower.pt\/novo\/wp-json\/wp\/v2\/tags?post=5106"}],"curies":[{"name":"wp","href":"https:\/\/api.w.org\/{rel}","templated":true}]}}