{"id":5790,"date":"2025-04-16T09:03:43","date_gmt":"2025-04-16T09:03:43","guid":{"rendered":"https:\/\/www.imparpower.pt\/novo\/?page_id=5790"},"modified":"2025-12-19T11:52:52","modified_gmt":"2025-12-19T11:52:52","slug":"grenke","status":"publish","type":"page","link":"https:\/\/www.imparpower.pt\/novo\/grenke\/","title":{"rendered":"Grenke"},"content":{"rendered":"\t\t<div data-elementor-type=\"wp-page\" data-elementor-id=\"5790\" class=\"elementor elementor-5790\">\n\t\t\t\t\t\t<section class=\"elementor-section elementor-top-section elementor-element elementor-element-5219c18 elementor-section-boxed elementor-section-height-default elementor-section-height-default\" data-id=\"5219c18\" data-element_type=\"section\" data-e-type=\"section\" data-settings=\"{&quot;background_background&quot;:&quot;classic&quot;}\">\n\t\t\t\t\t\t<div class=\"elementor-container elementor-column-gap-default\">\n\t\t\t\t\t<div class=\"elementor-column elementor-col-100 elementor-top-column elementor-element elementor-element-106bba4\" data-id=\"106bba4\" data-element_type=\"column\" data-e-type=\"column\">\n\t\t\t<div class=\"elementor-widget-wrap elementor-element-populated\">\n\t\t\t\t\t\t<div class=\"elementor-element elementor-element-ebe91c9 elementor-widget elementor-widget-html\" data-id=\"ebe91c9\" data-element_type=\"widget\" data-e-type=\"widget\" data-settings=\"{&quot;ultimate_floating_fx_translate_y&quot;:{&quot;unit&quot;:&quot;px&quot;,&quot;size&quot;:&quot;&quot;,&quot;sizes&quot;:[]}}\" data-widget_type=\"html.default\">\n\t\t\t\t\t<!-- Google tag (gtag.js) -->\r\n<script async src=\"https:\/\/www.googletagmanager.com\/gtag\/js?id=G-37XP1N99E7\"><\/script>\r\n<script>\r\n  window.dataLayer = window.dataLayer || [];\r\n  function gtag(){dataLayer.push(arguments);}\r\n  gtag('js', new Date());\r\n\r\n  gtag('config', 'G-37XP1N99E7');\r\n<\/script>\t\t\t\t<\/div>\n\t\t\t\t<section class=\"elementor-section elementor-inner-section elementor-element elementor-element-7d94a47 elementor-section-content-middle elementor-section-boxed elementor-section-height-default elementor-section-height-default\" data-id=\"7d94a47\" data-element_type=\"section\" data-e-type=\"section\">\n\t\t\t\t\t\t<div class=\"elementor-container elementor-column-gap-default\">\n\t\t\t\t\t<div class=\"elementor-column elementor-col-50 elementor-inner-column elementor-element elementor-element-182c60e\" data-id=\"182c60e\" data-element_type=\"column\" data-e-type=\"column\">\n\t\t\t<div class=\"elementor-widget-wrap elementor-element-populated\">\n\t\t\t\t\t\t<div class=\"elementor-element elementor-element-9e8a005 elementor-widget__width-initial elementor-absolute elementor-widget-mobile__width-initial elementor-invisible elementor-widget elementor-widget-image\" data-id=\"9e8a005\" data-element_type=\"widget\" data-e-type=\"widget\" data-settings=\"{&quot;_animation&quot;:&quot;zoomIn&quot;,&quot;_animation_delay&quot;:900,&quot;_position&quot;:&quot;absolute&quot;,&quot;ultimate_floating_fx_translate_y&quot;:{&quot;unit&quot;:&quot;px&quot;,&quot;size&quot;:&quot;&quot;,&quot;sizes&quot;:[]}}\" data-widget_type=\"image.default\">\n\t\t\t\t\t\t\t\t\t\t\t\t\t\t\t<img decoding=\"async\" width=\"150\" height=\"150\" src=\"https:\/\/www.imparpower.pt\/novo\/wp-content\/uploads\/2021\/12\/angryimg-2.png\" class=\"attachment-thumbnail size-thumbnail wp-image-3074\" alt=\"\" srcset=\"https:\/\/www.imparpower.pt\/novo\/wp-content\/uploads\/2021\/12\/angryimg-2.png 400w, https:\/\/www.imparpower.pt\/novo\/wp-content\/uploads\/2021\/12\/angryimg-2-100x100.png 100w\" sizes=\"(max-width: 150px) 100vw, 150px\" \/>\t\t\t\t\t\t\t\t\t\t\t\t\t\t\t<\/div>\n\t\t\t\t<div class=\"elementor-element elementor-element-8ee950e elementor-invisible elementor-widget elementor-widget-image\" data-id=\"8ee950e\" data-element_type=\"widget\" data-e-type=\"widget\" data-settings=\"{&quot;_animation&quot;:&quot;fadeIn&quot;,&quot;_animation_delay&quot;:300,&quot;ultimate_floating_fx_translate_y&quot;:{&quot;unit&quot;:&quot;px&quot;,&quot;size&quot;:&quot;&quot;,&quot;sizes&quot;:[]}}\" data-widget_type=\"image.default\">\n\t\t\t\t\t\t\t\t\t\t\t\t\t\t\t<img decoding=\"async\" width=\"204\" height=\"204\" src=\"https:\/\/www.imparpower.pt\/novo\/wp-content\/uploads\/2025\/04\/Grenke.png\" class=\"attachment-medium size-medium wp-image-5792\" alt=\"Grenke\" srcset=\"https:\/\/www.imparpower.pt\/novo\/wp-content\/uploads\/2025\/04\/Grenke.png 204w, https:\/\/www.imparpower.pt\/novo\/wp-content\/uploads\/2025\/04\/Grenke-150x150.png 150w, https:\/\/www.imparpower.pt\/novo\/wp-content\/uploads\/2025\/04\/Grenke-180x180.png 180w\" sizes=\"(max-width: 204px) 100vw, 204px\" \/>\t\t\t\t\t\t\t\t\t\t\t\t\t\t\t<\/div>\n\t\t\t\t<div class=\"elementor-element elementor-element-c9ccb1b elementor-widget__width-initial elementor-absolute elementor-widget-mobile__width-initial elementor-invisible elementor-widget elementor-widget-image\" data-id=\"c9ccb1b\" data-element_type=\"widget\" data-e-type=\"widget\" data-settings=\"{&quot;_animation&quot;:&quot;zoomIn&quot;,&quot;_animation_delay&quot;:600,&quot;_position&quot;:&quot;absolute&quot;,&quot;ultimate_floating_fx_translate_y&quot;:{&quot;unit&quot;:&quot;px&quot;,&quot;size&quot;:&quot;&quot;,&quot;sizes&quot;:[]}}\" data-widget_type=\"image.default\">\n\t\t\t\t\t\t\t\t\t\t\t\t\t\t\t<img fetchpriority=\"high\" decoding=\"async\" width=\"300\" height=\"300\" src=\"https:\/\/www.imparpower.pt\/novo\/wp-content\/uploads\/2021\/12\/angryimg-2.png\" class=\"attachment-medium size-medium wp-image-3074\" alt=\"\" srcset=\"https:\/\/www.imparpower.pt\/novo\/wp-content\/uploads\/2021\/12\/angryimg-2.png 400w, https:\/\/www.imparpower.pt\/novo\/wp-content\/uploads\/2021\/12\/angryimg-2-100x100.png 100w\" sizes=\"(max-width: 300px) 100vw, 300px\" \/>\t\t\t\t\t\t\t\t\t\t\t\t\t\t\t<\/div>\n\t\t\t\t\t<\/div>\n\t\t<\/div>\n\t\t\t\t<div class=\"elementor-column elementor-col-50 elementor-inner-column elementor-element elementor-element-893f0d9\" data-id=\"893f0d9\" data-element_type=\"column\" data-e-type=\"column\">\n\t\t\t<div class=\"elementor-widget-wrap elementor-element-populated\">\n\t\t\t\t\t\t<div class=\"elementor-element elementor-element-03a9068 elementor-invisible elementor-widget elementor-widget-UltimateAreaTitle\" data-id=\"03a9068\" data-element_type=\"widget\" data-e-type=\"widget\" data-settings=\"{&quot;_animation&quot;:&quot;fadeInUp&quot;,&quot;_animation_delay&quot;:300,&quot;ultimate_floating_fx_translate_y&quot;:{&quot;unit&quot;:&quot;px&quot;,&quot;size&quot;:&quot;&quot;,&quot;sizes&quot;:[]}}\" data-widget_type=\"UltimateAreaTitle.default\">\n\t\t\t\t<div class=\"elementor-widget-container\">\n\t\t\t\t\t<div class=\"area__content\">\t\t\t\r\n\t\t\t\t\r\n\t\t\t\t<div class=\"area__subtitle\">Grenke<\/div><div class=\"area__title\"><p>Financiamento Flex\u00edvel para Equipamentos e Tecnologia<\/p>\n<\/div>\r\n\t\t\t\t<div class=\"area__description\"><p>Na ImparPower, acreditamos em oferecer solu\u00e7\u00f5es completas que v\u00e3o al\u00e9m da tecnologia. \u00c9 por isso que somos parceiros oficiais da <strong data-start=\"531\" data-end=\"550\">GRENKE Portugal<\/strong>, uma empresa especializada em solu\u00e7\u00f5es de financiamento flex\u00edvel para empresas.<\/p>\n<p class=\"\" data-start=\"632\" data-end=\"747\">Esta parceria permite-nos disponibilizar aos nossos clientes uma alternativa simples e vantajosa para aquisi\u00e7\u00e3o de:<\/p>\n<ul>\n<li class=\"\" data-start=\"749\" data-end=\"776\">\n<p class=\"\" data-start=\"751\" data-end=\"776\">Equipamentos inform\u00e1ticos<\/p>\n<\/li>\n<li class=\"\" data-start=\"777\" data-end=\"797\">\n<p class=\"\" data-start=\"779\" data-end=\"797\">Software de gest\u00e3o<\/p>\n<\/li>\n<li class=\"\" data-start=\"798\" data-end=\"826\">\n<p class=\"\" data-start=\"800\" data-end=\"826\">Solu\u00e7\u00f5es de ponto de venda<\/p>\n<\/li>\n<li class=\"\" data-start=\"827\" data-end=\"863\">\n<p class=\"\" data-start=\"829\" data-end=\"863\">Servi\u00e7os tecnol\u00f3gicos e de suporte<\/p>\n<\/li>\n<\/ul>\n<p>Com a <strong data-start=\"871\" data-end=\"881\">GRENKE<\/strong>, pode financiar os seus investimentos com planos mensais ajustados ao seu or\u00e7amento, preservando a liquidez da empresa e mantendo o foco naquilo que realmente importa: crescer com seguran\u00e7a.<\/p>\n<h4 class=\"\" data-start=\"1281\" data-end=\"1304\">A quem se destina?<\/h4>\n<p class=\"\" data-start=\"1305\" data-end=\"1409\">Empresas que pretendem renovar ou ampliar a sua infraestrutura tecnol\u00f3gica sem comprometer a tesouraria.<\/p>\n<p data-start=\"1305\" data-end=\"1409\">\ud83d\udce9 <strong data-start=\"1560\" data-end=\"1640\">Entre em contacto connosco para saber mais sobre esta solu\u00e7\u00e3o personalizada.<\/strong><\/p>\n<\/div>\r\n\t\t\t\t<\/div>\t\t\t\t<\/div>\n\t\t\t\t<\/div>\n\t\t\t\t\t<\/div>\n\t\t<\/div>\n\t\t\t\t\t<\/div>\n\t\t<\/section>\n\t\t\t\t\t<\/div>\n\t\t<\/div>\n\t\t\t\t\t<\/div>\n\t\t<\/section>\n\t\t\t\t<section class=\"elementor-section elementor-top-section elementor-element elementor-element-9af7430 elementor-section-boxed elementor-section-height-default elementor-section-height-default\" data-id=\"9af7430\" data-element_type=\"section\" data-e-type=\"section\" data-settings=\"{&quot;background_background&quot;:&quot;gradient&quot;}\">\n\t\t\t\t\t\t<div class=\"elementor-container elementor-column-gap-default\">\n\t\t\t\t\t<div class=\"elementor-column elementor-col-100 elementor-top-column elementor-element elementor-element-3af8b62\" data-id=\"3af8b62\" data-element_type=\"column\" data-e-type=\"column\">\n\t\t\t<div class=\"elementor-widget-wrap elementor-element-populated\">\n\t\t\t\t\t\t<section class=\"elementor-section elementor-inner-section elementor-element elementor-element-c2be52c elementor-section-content-middle elementor-section-boxed elementor-section-height-default elementor-section-height-default\" data-id=\"c2be52c\" data-element_type=\"section\" data-e-type=\"section\" data-settings=\"{&quot;background_background&quot;:&quot;classic&quot;}\">\n\t\t\t\t\t\t\t<div class=\"elementor-background-overlay\"><\/div>\n\t\t\t\t\t\t\t<div class=\"elementor-container elementor-column-gap-default\">\n\t\t\t\t\t<div class=\"elementor-column elementor-col-50 elementor-inner-column elementor-element elementor-element-bb1b528\" data-id=\"bb1b528\" data-element_type=\"column\" data-e-type=\"column\">\n\t\t\t<div class=\"elementor-widget-wrap elementor-element-populated\">\n\t\t\t\t\t\t<div class=\"elementor-element elementor-element-3185c49 elementor-widget__width-initial elementor-invisible elementor-widget elementor-widget-Ultimate_Info_Box_Widget\" data-id=\"3185c49\" data-element_type=\"widget\" data-e-type=\"widget\" data-settings=\"{&quot;_animation&quot;:&quot;fadeInUp&quot;,&quot;_animation_delay&quot;:400,&quot;ultimate_floating_fx_translate_y&quot;:{&quot;unit&quot;:&quot;px&quot;,&quot;size&quot;:&quot;&quot;,&quot;sizes&quot;:[]}}\" data-widget_type=\"Ultimate_Info_Box_Widget.default\">\n\t\t\t\t<div class=\"elementor-widget-container\">\n\t\t\t\t\t            <div class=\"ultimate__info__box__wrap ultimate__infobox__style__2\" >\r\n\r\n                                                    <div class = \"info__box__list\">\r\n                                                                                <div class=\"single__info__box elementor-repeater-item-282f097\">\r\n\r\n                                                                    <div class=\"info__box__icon\">\r\n                                        <i class=\"fa fa-phone\"><\/i>                                    <\/div>\r\n                                                                                                                                            <div class=\"info__title\">Telefone:<\/div>\r\n                                                                                                                <div class=\"info__details\"><p><span style=\"color: #ffffff;\"><a style=\"color: #ffffff;\" href=\"tel:253047992\">+351 253 047 992<\/a><\/span><\/p>\n<\/div>\r\n                                                                                                <\/div>\r\n                                            <\/div>\r\n                            <\/div>\r\n        \t\t\t\t<\/div>\n\t\t\t\t<\/div>\n\t\t\t\t\t<\/div>\n\t\t<\/div>\n\t\t\t\t<div class=\"elementor-column elementor-col-50 elementor-inner-column elementor-element elementor-element-fc1ecce\" data-id=\"fc1ecce\" data-element_type=\"column\" data-e-type=\"column\">\n\t\t\t<div class=\"elementor-widget-wrap elementor-element-populated\">\n\t\t\t\t\t\t<div class=\"elementor-element elementor-element-710d737 elementor-invisible elementor-widget elementor-widget-Ultimate_Info_Box_Widget\" data-id=\"710d737\" data-element_type=\"widget\" data-e-type=\"widget\" data-settings=\"{&quot;_animation&quot;:&quot;fadeInUp&quot;,&quot;_animation_delay&quot;:500,&quot;ultimate_floating_fx_translate_y&quot;:{&quot;unit&quot;:&quot;px&quot;,&quot;size&quot;:&quot;&quot;,&quot;sizes&quot;:[]}}\" data-widget_type=\"Ultimate_Info_Box_Widget.default\">\n\t\t\t\t<div class=\"elementor-widget-container\">\n\t\t\t\t\t            <div class=\"ultimate__info__box__wrap ultimate__infobox__style__3\" >\r\n\r\n                                                    <div class = \"info__box__list\">\r\n                                                                                <div class=\"single__info__box elementor-repeater-item-bb5d642\">\r\n\r\n                                                                    <div class=\"info__box__icon\">\r\n                                        <i class=\"fas fa-envelope\"><\/i>                                    <\/div>\r\n                                                                                                                                            <div class=\"info__title\">EMAIL:<\/div>\r\n                                                                                                                <div class=\"info__details\"><p><span style=\"color: #ffffff;\"><a style=\"color: #ffffff;\" href=\"mailto:geral@imparpower.pt\">geral@imparpower.pt<\/a><\/span><\/p>\n<\/div>\r\n                                                                                                <\/div>\r\n                                            <\/div>\r\n                            <\/div>\r\n        \t\t\t\t<\/div>\n\t\t\t\t<\/div>\n\t\t\t\t\t<\/div>\n\t\t<\/div>\n\t\t\t\t\t<\/div>\n\t\t<\/section>\n\t\t\t\t\t<\/div>\n\t\t<\/div>\n\t\t\t\t\t<\/div>\n\t\t<\/section>\n\t\t\t\t<\/div>\n\t\t","protected":false},"excerpt":{"rendered":"<p>Grenke Financiamento Flex\u00edvel para Equipamentos e Tecnologia Na ImparPower, acreditamos em oferecer solu\u00e7\u00f5es completas que v\u00e3o al\u00e9m da tecnologia. \u00c9 [&hellip;]<\/p>\n","protected":false},"author":2,"featured_media":5792,"parent":0,"menu_order":0,"comment_status":"closed","ping_status":"closed","template":"template\/composer.php","meta":{"footnotes":""},"tags":[263],"class_list":["post-5790","page","type-page","status-publish","has-post-thumbnail","hentry","tag-grenke"],"aioseo_notices":[],"_links":{"self":[{"href":"https:\/\/www.imparpower.pt\/novo\/wp-json\/wp\/v2\/pages\/5790","targetHints":{"allow":["GET"]}}],"collection":[{"href":"https:\/\/www.imparpower.pt\/novo\/wp-json\/wp\/v2\/pages"}],"about":[{"href":"https:\/\/www.imparpower.pt\/novo\/wp-json\/wp\/v2\/types\/page"}],"author":[{"embeddable":true,"href":"https:\/\/www.imparpower.pt\/novo\/wp-json\/wp\/v2\/users\/2"}],"replies":[{"embeddable":true,"href":"https:\/\/www.imparpower.pt\/novo\/wp-json\/wp\/v2\/comments?post=5790"}],"version-history":[{"count":8,"href":"https:\/\/www.imparpower.pt\/novo\/wp-json\/wp\/v2\/pages\/5790\/revisions"}],"predecessor-version":[{"id":5868,"href":"https:\/\/www.imparpower.pt\/novo\/wp-json\/wp\/v2\/pages\/5790\/revisions\/5868"}],"wp:featuredmedia":[{"embeddable":true,"href":"https:\/\/www.imparpower.pt\/novo\/wp-json\/wp\/v2\/media\/5792"}],"wp:attachment":[{"href":"https:\/\/www.imparpower.pt\/novo\/wp-json\/wp\/v2\/media?parent=5790"}],"wp:term":[{"taxonomy":"post_tag","embeddable":true,"href":"https:\/\/www.imparpower.pt\/novo\/wp-json\/wp\/v2\/tags?post=5790"}],"curies":[{"name":"wp","href":"https:\/\/api.w.org\/{rel}","templated":true}]}}